{"id":376,"date":"2025-09-11T05:44:35","date_gmt":"2025-09-11T05:44:35","guid":{"rendered":"https:\/\/rlrtl.com\/ipsa\/?page_id=376"},"modified":"2025-09-15T09:47:11","modified_gmt":"2025-09-15T09:47:11","slug":"segmentos","status":"publish","type":"page","link":"https:\/\/rlrtl.com\/ipsa\/segmentos\/","title":{"rendered":"SEGMENTOS"},"content":{"rendered":"<div id=\"pl-376\"  class=\"panel-layout\" ><div id=\"pg-376-0\"  class=\"panel-grid panel-has-style\" ><div class=\"siteorigin-panels-stretch panel-row-style panel-row-style-for-376-0\" id=\"segmentos-pc\" data-stretch-type=\"full\" ><div id=\"pgc-376-0-0\"  class=\"panel-grid-cell\" ><div id=\"panel-376-0-0-0\" class=\"so-panel widget widget_sow-editor panel-first-child\" data-index=\"0\" ><div class=\"panel-widget-style panel-widget-style-for-376-0-0-0\" ><div\n\t\t\t\n\t\t\tclass=\"so-widget-sow-editor so-widget-sow-editor-base\"\n\t\t\t\n\t\t>\n<div class=\"siteorigin-widget-tinymce textwidget\">\n\t<h1 style=\"font-size: 2rem; font-weight: 900;\">SOLUCIONES PARA CADA INDUSTRIA<\/h1>\n<\/div>\n<\/div><\/div><\/div><div id=\"panel-376-0-0-1\" class=\"so-panel widget widget_sow-editor panel-last-child\" data-index=\"1\" ><div class=\"panel-widget-style panel-widget-style-for-376-0-0-1\" ><div\n\t\t\t\n\t\t\tclass=\"so-widget-sow-editor so-widget-sow-editor-base\"\n\t\t\t\n\t\t>\n<div class=\"siteorigin-widget-tinymce textwidget\">\n\t<p>Estamos presentes en sectores clave del desarrollo productivo,<br \/>\nacompa\u00f1ando a industrias, laboratorios, organismos y universidades<br \/>\nen cada desaf\u00edo t\u00e9cnico.<\/p>\n<\/div>\n<\/div><\/div><\/div><\/div><div id=\"pgc-376-0-1\"  class=\"panel-grid-cell\" ><div id=\"panel-376-0-1-0\" class=\"so-panel widget widget_sow-image panel-first-child panel-last-child\" data-index=\"2\" ><div\n\t\t\t\n\t\t\tclass=\"so-widget-sow-image so-widget-sow-image-default-8b5b6f678277-376\"\n\t\t\t\n\t\t>\n<div class=\"sow-image-container\">\n\t\t<img \n\tsrc=\"https:\/\/rlrtl.com\/ipsa\/wp-content\/uploads\/2025\/09\/Recurso-7-1.png\" width=\"404\" height=\"604\" srcset=\"https:\/\/rlrtl.com\/ipsa\/wp-content\/uploads\/2025\/09\/Recurso-7-1.png 404w, https:\/\/rlrtl.com\/ipsa\/wp-content\/uploads\/2025\/09\/Recurso-7-1-201x300.png 201w\" sizes=\"(max-width: 404px) 100vw, 404px\" title=\"Recurso 7\" alt=\"\" \t\tclass=\"so-widget-image\"\/>\n\t<\/div>\n\n<\/div><\/div><\/div><div id=\"pgc-376-0-2\"  class=\"panel-grid-cell\" ><div id=\"panel-376-0-2-0\" class=\"so-panel widget widget_sow-image panel-first-child panel-last-child\" data-index=\"3\" ><div\n\t\t\t\n\t\t\tclass=\"so-widget-sow-image so-widget-sow-image-default-8b5b6f678277-376\"\n\t\t\t\n\t\t>\n<div class=\"sow-image-container\">\n\t\t<img \n\tsrc=\"https:\/\/rlrtl.com\/ipsa\/wp-content\/uploads\/2025\/09\/Recurso-8.png\" width=\"404\" height=\"604\" srcset=\"https:\/\/rlrtl.com\/ipsa\/wp-content\/uploads\/2025\/09\/Recurso-8.png 404w, https:\/\/rlrtl.com\/ipsa\/wp-content\/uploads\/2025\/09\/Recurso-8-201x300.png 201w\" sizes=\"(max-width: 404px) 100vw, 404px\" title=\"Recurso 8\" alt=\"\" \t\tclass=\"so-widget-image\"\/>\n\t<\/div>\n\n<\/div><\/div><\/div><\/div><\/div><div id=\"pg-376-1\"  class=\"panel-grid panel-has-style\" ><div id=\"segmentos-movil\" class=\"panel-row-style panel-row-style-for-376-1\" ><div id=\"pgc-376-1-0\"  class=\"panel-grid-cell\" ><div id=\"panel-376-1-0-0\" class=\"so-panel widget widget_sow-editor panel-first-child\" data-index=\"4\" ><div class=\"panel-widget-style panel-widget-style-for-376-1-0-0\" ><div\n\t\t\t\n\t\t\tclass=\"so-widget-sow-editor so-widget-sow-editor-base\"\n\t\t\t\n\t\t>\n<div class=\"siteorigin-widget-tinymce textwidget\">\n\t<h1 style=\"font-size: 2rem; font-weight: 900;\">SOLUCIONES PARA CADA INDUSTRIA<\/h1>\n<\/div>\n<\/div><\/div><\/div><div id=\"panel-376-1-0-1\" class=\"so-panel widget widget_sow-editor\" data-index=\"5\" ><div class=\"panel-widget-style panel-widget-style-for-376-1-0-1\" ><div\n\t\t\t\n\t\t\tclass=\"so-widget-sow-editor so-widget-sow-editor-base\"\n\t\t\t\n\t\t>\n<div class=\"siteorigin-widget-tinymce textwidget\">\n\t<p>Estamos presentes en sectores clave del desarrollo productivo,<br \/>\nacompa\u00f1ando a industrias, laboratorios, organismos y universidades<br \/>\nen cada desaf\u00edo t\u00e9cnico.<\/p>\n<\/div>\n<\/div><\/div><\/div><div id=\"panel-376-1-0-2\" class=\"so-panel widget widget_sow-slider panel-last-child\" data-index=\"6\" ><div\n\t\t\t\n\t\t\tclass=\"so-widget-sow-slider so-widget-sow-slider-default-6d39609536fd-376\"\n\t\t\t\n\t\t>\t\t\t\t<div class=\"sow-slider-base\" style=\"display: none\" tabindex=\"0\">\n\t\t\t\t\t<ul\n\t\t\t\t\tclass=\"sow-slider-images\"\n\t\t\t\t\tdata-settings=\"{&quot;pagination&quot;:true,&quot;speed&quot;:400,&quot;timeout&quot;:8000,&quot;paused&quot;:false,&quot;pause_on_hover&quot;:false,&quot;swipe&quot;:true,&quot;nav_always_show_desktop&quot;:&quot;&quot;,&quot;nav_always_show_mobile&quot;:&quot;&quot;,&quot;breakpoint&quot;:&quot;780px&quot;,&quot;unmute&quot;:false,&quot;anchor&quot;:null}\"\n\t\t\t\t\t\t\t\t\t\tdata-anchor-id=\"\"\n\t\t\t\t>\t\t<li class=\"sow-slider-image\" style=\"visibility: visible;\" >\n\t\t\t\t\t\t<img loading=\"lazy\" decoding=\"async\" width=\"404\" height=\"604\" src=\"https:\/\/rlrtl.com\/ipsa\/wp-content\/uploads\/2025\/09\/Recurso-7-1.png\" class=\"sow-slider-background-image\" alt=\"\" style=\"\" srcset=\"https:\/\/rlrtl.com\/ipsa\/wp-content\/uploads\/2025\/09\/Recurso-7-1.png 404w, https:\/\/rlrtl.com\/ipsa\/wp-content\/uploads\/2025\/09\/Recurso-7-1-201x300.png 201w\" sizes=\"auto, (max-width: 404px) 100vw, 404px\" \/>\t\t<\/li>\n\t\t\t\t<li class=\"sow-slider-image\" style=\"visibility: hidden;\" >\n\t\t\t\t\t\t<img loading=\"lazy\" decoding=\"async\" width=\"404\" height=\"604\" src=\"https:\/\/rlrtl.com\/ipsa\/wp-content\/uploads\/2025\/09\/Recurso-8.png\" class=\"sow-slider-background-image\" alt=\"\" style=\"\" srcset=\"https:\/\/rlrtl.com\/ipsa\/wp-content\/uploads\/2025\/09\/Recurso-8.png 404w, https:\/\/rlrtl.com\/ipsa\/wp-content\/uploads\/2025\/09\/Recurso-8-201x300.png 201w\" sizes=\"auto, (max-width: 404px) 100vw, 404px\" \/>\t\t<\/li>\n\t\t<\/ul>\t\t\t\t<ol class=\"sow-slider-pagination\">\n\t\t\t\t\t\t\t\t\t\t\t<li><a href=\"#\" data-goto=\"0\" aria-label=\"mostrar diapositiva 1\"><\/a><\/li>\n\t\t\t\t\t\t\t\t\t\t\t<li><a href=\"#\" data-goto=\"1\" aria-label=\"mostrar diapositiva 2\"><\/a><\/li>\n\t\t\t\t\t\t\t\t\t<\/ol>\n\n\t\t\t\t<div class=\"sow-slide-nav sow-slide-nav-next\">\n\t\t\t\t\t<a href=\"#\" data-goto=\"next\" aria-label=\"diapositiva siguiente\" data-action=\"next\">\n\t\t\t\t\t\t<em class=\"sow-sld-icon-thin-right\"><\/em>\n\t\t\t\t\t<\/a>\n\t\t\t\t<\/div>\n\n\t\t\t\t<div class=\"sow-slide-nav sow-slide-nav-prev\">\n\t\t\t\t\t<a href=\"#\" data-goto=\"previous\" aria-label=\"diapositiva anterior\" data-action=\"prev\">\n\t\t\t\t\t\t<em class=\"sow-sld-icon-thin-left\"><\/em>\n\t\t\t\t\t<\/a>\n\t\t\t\t<\/div>\n\t\t\t\t<\/div><\/div><\/div><\/div><\/div><\/div><div id=\"pg-376-2\"  class=\"panel-grid panel-has-style\" ><div class=\"siteorigin-panels-stretch panel-row-style panel-row-style-for-376-2\" data-stretch-type=\"full\" ><div id=\"pgc-376-2-0\"  class=\"panel-grid-cell\" ><div class=\"panel-cell-style panel-cell-style-for-376-2-0\" ><div id=\"panel-376-2-0-0\" class=\"so-panel widget widget_sow-image panel-first-child panel-last-child\" data-index=\"7\" ><div\n\t\t\t\n\t\t\tclass=\"so-widget-sow-image so-widget-sow-image-default-8b5b6f678277-376\"\n\t\t\t\n\t\t>\n<div class=\"sow-image-container\">\n\t\t<img \n\tsrc=\"https:\/\/rlrtl.com\/ipsa\/wp-content\/uploads\/2025\/09\/11.png\" width=\"228\" height=\"141\" sizes=\"(max-width: 228px) 100vw, 228px\" alt=\"\" \t\tclass=\"so-widget-image\"\/>\n\t<\/div>\n\n<\/div><\/div><\/div><\/div><div id=\"pgc-376-2-1\"  class=\"panel-grid-cell\" ><div class=\"panel-cell-style panel-cell-style-for-376-2-1\" ><div id=\"panel-376-2-1-0\" class=\"so-panel widget widget_sow-editor panel-first-child panel-last-child\" data-index=\"8\" ><div class=\"panel-widget-style panel-widget-style-for-376-2-1-0\" ><div\n\t\t\t\n\t\t\tclass=\"so-widget-sow-editor so-widget-sow-editor-base\"\n\t\t\t\n\t\t>\n<div class=\"siteorigin-widget-tinymce textwidget\">\n\t<h3 style=\"font-weight: 900;\">MINER\u00cdA Y PETROQU\u00cdMICA<\/h3>\n<\/div>\n<\/div><\/div><\/div><\/div><\/div><div id=\"pgc-376-2-2\"  class=\"panel-grid-cell\" ><div class=\"panel-cell-style panel-cell-style-for-376-2-2\" ><div id=\"panel-376-2-2-0\" class=\"so-panel widget widget_sow-image panel-first-child panel-last-child\" data-index=\"9\" ><div\n\t\t\t\n\t\t\tclass=\"so-widget-sow-image so-widget-sow-image-default-8b5b6f678277-376\"\n\t\t\t\n\t\t>\n<div class=\"sow-image-container\">\n\t\t<img \n\tsrc=\"https:\/\/rlrtl.com\/ipsa\/wp-content\/uploads\/2025\/09\/22.png\" width=\"227\" height=\"141\" sizes=\"(max-width: 227px) 100vw, 227px\" alt=\"\" \t\tclass=\"so-widget-image\"\/>\n\t<\/div>\n\n<\/div><\/div><\/div><\/div><div id=\"pgc-376-2-3\"  class=\"panel-grid-cell\" ><div class=\"panel-cell-style panel-cell-style-for-376-2-3\" ><div id=\"panel-376-2-3-0\" class=\"so-panel widget widget_sow-editor panel-first-child panel-last-child\" data-index=\"10\" ><div class=\"panel-widget-style panel-widget-style-for-376-2-3-0\" ><div\n\t\t\t\n\t\t\tclass=\"so-widget-sow-editor so-widget-sow-editor-base\"\n\t\t\t\n\t\t>\n<div class=\"siteorigin-widget-tinymce textwidget\">\n\t<h3 style=\"font-weight: 900;\">FOOD &amp; BEVERAGE<\/h3>\n<\/div>\n<\/div><\/div><\/div><\/div><\/div><\/div><\/div><div id=\"pg-376-3\"  class=\"panel-grid panel-has-style\" ><div class=\"siteorigin-panels-stretch panel-row-style panel-row-style-for-376-3\" data-stretch-type=\"full\" ><div id=\"pgc-376-3-0\"  class=\"panel-grid-cell\" ><div class=\"panel-cell-style panel-cell-style-for-376-3-0\" ><div id=\"panel-376-3-0-0\" class=\"so-panel widget widget_sow-image panel-first-child panel-last-child\" data-index=\"11\" ><div\n\t\t\t\n\t\t\tclass=\"so-widget-sow-image so-widget-sow-image-default-8b5b6f678277-376\"\n\t\t\t\n\t\t>\n<div class=\"sow-image-container\">\n\t\t<img \n\tsrc=\"https:\/\/rlrtl.com\/ipsa\/wp-content\/uploads\/2025\/09\/33.png\" width=\"227\" height=\"140\" sizes=\"(max-width: 227px) 100vw, 227px\" alt=\"\" \t\tclass=\"so-widget-image\"\/>\n\t<\/div>\n\n<\/div><\/div><\/div><\/div><div id=\"pgc-376-3-1\"  class=\"panel-grid-cell\" ><div class=\"panel-cell-style panel-cell-style-for-376-3-1\" ><div id=\"panel-376-3-1-0\" class=\"so-panel widget widget_sow-editor panel-first-child panel-last-child\" data-index=\"12\" ><div class=\"panel-widget-style panel-widget-style-for-376-3-1-0\" ><div\n\t\t\t\n\t\t\tclass=\"so-widget-sow-editor so-widget-sow-editor-base\"\n\t\t\t\n\t\t>\n<div class=\"siteorigin-widget-tinymce textwidget\">\n\t<h3 style=\"font-weight: 900;\">INVESTIGACI\u00d3N CIENT\u00cdFICA<\/h3>\n<\/div>\n<\/div><\/div><\/div><\/div><\/div><div id=\"pgc-376-3-2\"  class=\"panel-grid-cell\" ><div class=\"panel-cell-style panel-cell-style-for-376-3-2\" ><div id=\"panel-376-3-2-0\" class=\"so-panel widget widget_sow-image panel-first-child panel-last-child\" data-index=\"13\" ><div\n\t\t\t\n\t\t\tclass=\"so-widget-sow-image so-widget-sow-image-default-8b5b6f678277-376\"\n\t\t\t\n\t\t>\n<div class=\"sow-image-container\">\n\t\t<img \n\tsrc=\"https:\/\/rlrtl.com\/ipsa\/wp-content\/uploads\/2025\/09\/111.png\" width=\"230\" height=\"143\" sizes=\"(max-width: 230px) 100vw, 230px\" alt=\"\" \t\tclass=\"so-widget-image\"\/>\n\t<\/div>\n\n<\/div><\/div><\/div><\/div><div id=\"pgc-376-3-3\"  class=\"panel-grid-cell\" ><div class=\"panel-cell-style panel-cell-style-for-376-3-3\" ><div id=\"panel-376-3-3-0\" class=\"so-panel widget widget_sow-editor panel-first-child panel-last-child\" data-index=\"14\" ><div class=\"panel-widget-style panel-widget-style-for-376-3-3-0\" ><div\n\t\t\t\n\t\t\tclass=\"so-widget-sow-editor so-widget-sow-editor-base\"\n\t\t\t\n\t\t>\n<div class=\"siteorigin-widget-tinymce textwidget\">\n\t<h3 style=\"font-weight: 900;\">SECTOR ACAD\u00c9MICO<\/h3>\n<\/div>\n<\/div><\/div><\/div><\/div><\/div><\/div><\/div><div id=\"pg-376-4\"  class=\"panel-grid panel-has-style\" ><div class=\"siteorigin-panels-stretch panel-row-style panel-row-style-for-376-4\" data-stretch-type=\"full\" ><div id=\"pgc-376-4-0\"  class=\"panel-grid-cell\" ><div class=\"panel-cell-style panel-cell-style-for-376-4-0\" ><div id=\"panel-376-4-0-0\" class=\"so-panel widget widget_sow-image panel-first-child panel-last-child\" data-index=\"15\" ><div\n\t\t\t\n\t\t\tclass=\"so-widget-sow-image so-widget-sow-image-default-8b5b6f678277-376\"\n\t\t\t\n\t\t>\n<div class=\"sow-image-container\">\n\t\t<img \n\tsrc=\"https:\/\/rlrtl.com\/ipsa\/wp-content\/uploads\/2025\/09\/55.png\" width=\"226\" height=\"139\" sizes=\"(max-width: 226px) 100vw, 226px\" alt=\"\" \t\tclass=\"so-widget-image\"\/>\n\t<\/div>\n\n<\/div><\/div><\/div><\/div><div id=\"pgc-376-4-1\"  class=\"panel-grid-cell\" ><div class=\"panel-cell-style panel-cell-style-for-376-4-1\" ><div id=\"panel-376-4-1-0\" class=\"so-panel widget widget_sow-editor panel-first-child panel-last-child\" data-index=\"16\" ><div class=\"panel-widget-style panel-widget-style-for-376-4-1-0\" ><div\n\t\t\t\n\t\t\tclass=\"so-widget-sow-editor so-widget-sow-editor-base\"\n\t\t\t\n\t\t>\n<div class=\"siteorigin-widget-tinymce textwidget\">\n\t<h3 style=\"font-weight: 900;\">AGROINDUSTRIA<\/h3>\n<\/div>\n<\/div><\/div><\/div><\/div><\/div><div id=\"pgc-376-4-2\"  class=\"panel-grid-cell\" ><div class=\"panel-cell-style panel-cell-style-for-376-4-2\" ><div id=\"panel-376-4-2-0\" class=\"so-panel widget widget_sow-image panel-first-child panel-last-child\" data-index=\"17\" ><div\n\t\t\t\n\t\t\tclass=\"so-widget-sow-image so-widget-sow-image-default-8b5b6f678277-376\"\n\t\t\t\n\t\t>\n<div class=\"sow-image-container\">\n\t\t<img \n\tsrc=\"https:\/\/rlrtl.com\/ipsa\/wp-content\/uploads\/2025\/09\/66.png\" width=\"226\" height=\"139\" sizes=\"(max-width: 226px) 100vw, 226px\" alt=\"\" \t\tclass=\"so-widget-image\"\/>\n\t<\/div>\n\n<\/div><\/div><\/div><\/div><div id=\"pgc-376-4-3\"  class=\"panel-grid-cell\" ><div class=\"panel-cell-style panel-cell-style-for-376-4-3\" ><div id=\"panel-376-4-3-0\" class=\"so-panel widget widget_sow-editor panel-first-child panel-last-child\" data-index=\"18\" ><div class=\"panel-widget-style panel-widget-style-for-376-4-3-0\" ><div\n\t\t\t\n\t\t\tclass=\"so-widget-sow-editor so-widget-sow-editor-base\"\n\t\t\t\n\t\t>\n<div class=\"siteorigin-widget-tinymce textwidget\">\n\t<h3 style=\"font-weight: 900;\">METALMEC\u00c1NICA<\/h3>\n<\/div>\n<\/div><\/div><\/div><\/div><\/div><\/div><\/div><div id=\"pg-376-5\"  class=\"panel-grid panel-has-style\" ><div class=\"siteorigin-panels-stretch panel-row-style panel-row-style-for-376-5\" data-stretch-type=\"full\" ><div id=\"pgc-376-5-0\"  class=\"panel-grid-cell\" ><div class=\"panel-cell-style panel-cell-style-for-376-5-0\" ><div id=\"panel-376-5-0-0\" class=\"so-panel widget widget_sow-image panel-first-child panel-last-child\" data-index=\"19\" ><div class=\"panel-widget-style panel-widget-style-for-376-5-0-0\" ><div\n\t\t\t\n\t\t\tclass=\"so-widget-sow-image so-widget-sow-image-default-8b5b6f678277-376\"\n\t\t\t\n\t\t>\n<div class=\"sow-image-container\">\n\t\t<img \n\tsrc=\"https:\/\/rlrtl.com\/ipsa\/wp-content\/uploads\/2025\/09\/77.png\" width=\"227\" height=\"139\" sizes=\"(max-width: 227px) 100vw, 227px\" alt=\"\" \t\tclass=\"so-widget-image\"\/>\n\t<\/div>\n\n<\/div><\/div><\/div><\/div><\/div><div id=\"pgc-376-5-1\"  class=\"panel-grid-cell\" ><div class=\"panel-cell-style panel-cell-style-for-376-5-1\" ><div id=\"panel-376-5-1-0\" class=\"so-panel widget widget_sow-editor panel-first-child panel-last-child\" data-index=\"20\" ><div class=\"panel-widget-style panel-widget-style-for-376-5-1-0\" ><div\n\t\t\t\n\t\t\tclass=\"so-widget-sow-editor so-widget-sow-editor-base\"\n\t\t\t\n\t\t>\n<div class=\"siteorigin-widget-tinymce textwidget\">\n\t<h3 style=\"font-weight: 900;\">SECTOR ESTATAL<\/h3>\n<\/div>\n<\/div><\/div><\/div><\/div><\/div><div id=\"pgc-376-5-2\"  class=\"panel-grid-cell\" ><div class=\"panel-cell-style panel-cell-style-for-376-5-2\" ><div id=\"panel-376-5-2-0\" class=\"so-panel widget widget_sow-image panel-first-child panel-last-child\" data-index=\"21\" ><div class=\"panel-widget-style panel-widget-style-for-376-5-2-0\" ><div\n\t\t\t\n\t\t\tclass=\"so-widget-sow-image so-widget-sow-image-default-8b5b6f678277-376\"\n\t\t\t\n\t\t>\n<div class=\"sow-image-container\">\n\t\t<img \n\tsrc=\"https:\/\/rlrtl.com\/ipsa\/wp-content\/uploads\/2025\/09\/88.png\" width=\"226\" height=\"139\" sizes=\"(max-width: 226px) 100vw, 226px\" alt=\"\" \t\tclass=\"so-widget-image\"\/>\n\t<\/div>\n\n<\/div><\/div><\/div><\/div><\/div><div id=\"pgc-376-5-3\"  class=\"panel-grid-cell\" ><div class=\"panel-cell-style panel-cell-style-for-376-5-3\" ><div id=\"panel-376-5-3-0\" class=\"so-panel widget widget_sow-editor panel-first-child panel-last-child\" data-index=\"22\" ><div class=\"panel-widget-style panel-widget-style-for-376-5-3-0\" ><div\n\t\t\t\n\t\t\tclass=\"so-widget-sow-editor so-widget-sow-editor-base\"\n\t\t\t\n\t\t>\n<div class=\"siteorigin-widget-tinymce textwidget\">\n\t<h3 style=\"font-weight: 900;\">INDUSTRIA FARMAC\u00c9UTICA<\/h3>\n<\/div>\n<\/div><\/div><\/div><\/div><\/div><\/div><\/div><\/div>","protected":false},"excerpt":{"rendered":"<p>SOLUCIONES PARA CADA INDUSTRIA Estamos presentes en sectores clave del desarrollo productivo, acompa\u00f1ando a industrias, laboratorios, organismos y universidades en cada desaf\u00edo t\u00e9cnico. SOLUCIONES PARA CADA INDUSTRIA Estamos presentes en sectores clave del desarrollo productivo, acompa\u00f1ando a industrias, laboratorios, organismos y universidades en cada desaf\u00edo t\u00e9cnico.<\/p>\n","protected":false},"author":2,"featured_media":0,"parent":0,"menu_order":0,"comment_status":"closed","ping_status":"closed","template":"","meta":{"_joinchat":[],"footnotes":""},"class_list":["post-376","page","type-page","status-publish","hentry","post"],"_links":{"self":[{"href":"https:\/\/rlrtl.com\/ipsa\/wp-json\/wp\/v2\/pages\/376","targetHints":{"allow":["GET"]}}],"collection":[{"href":"https:\/\/rlrtl.com\/ipsa\/wp-json\/wp\/v2\/pages"}],"about":[{"href":"https:\/\/rlrtl.com\/ipsa\/wp-json\/wp\/v2\/types\/page"}],"author":[{"embeddable":true,"href":"https:\/\/rlrtl.com\/ipsa\/wp-json\/wp\/v2\/users\/2"}],"replies":[{"embeddable":true,"href":"https:\/\/rlrtl.com\/ipsa\/wp-json\/wp\/v2\/comments?post=376"}],"version-history":[{"count":51,"href":"https:\/\/rlrtl.com\/ipsa\/wp-json\/wp\/v2\/pages\/376\/revisions"}],"predecessor-version":[{"id":683,"href":"https:\/\/rlrtl.com\/ipsa\/wp-json\/wp\/v2\/pages\/376\/revisions\/683"}],"wp:attachment":[{"href":"https:\/\/rlrtl.com\/ipsa\/wp-json\/wp\/v2\/media?parent=376"}],"curies":[{"name":"wp","href":"https:\/\/api.w.org\/{rel}","templated":true}]}}