{"id":317,"date":"2025-09-11T04:35:42","date_gmt":"2025-09-11T04:35:42","guid":{"rendered":"https:\/\/rlrtl.com\/ipsa\/?page_id=317"},"modified":"2025-09-15T09:53:16","modified_gmt":"2025-09-15T09:53:16","slug":"distribuciones","status":"publish","type":"page","link":"https:\/\/rlrtl.com\/ipsa\/distribuciones\/","title":{"rendered":"DISTRIBUCIONES"},"content":{"rendered":"<div id=\"pl-317\"  class=\"panel-layout\" ><div id=\"pg-317-0\"  class=\"panel-grid panel-has-style\" ><div class=\"siteorigin-panels-stretch panel-row-style panel-row-style-for-317-0\" data-stretch-type=\"full-width-stretch\" ><div id=\"pgc-317-0-0\"  class=\"panel-grid-cell\" ><div id=\"panel-317-0-0-0\" class=\"so-panel widget widget_sow-editor panel-first-child panel-last-child\" data-index=\"0\" ><div id=\"distri-movil\" class=\"panel-widget-style panel-widget-style-for-317-0-0-0\" ><div\n\t\t\t\n\t\t\tclass=\"so-widget-sow-editor so-widget-sow-editor-base\"\n\t\t\t\n\t\t>\n<div class=\"siteorigin-widget-tinymce textwidget\">\n\t<h1 style=\"font-size: 2rem; font-weight: 900;\">DISTRIBUCIONES OFICIALES<\/h1>\n<\/div>\n<\/div><\/div><\/div><\/div><\/div><\/div><div id=\"pg-317-1\"  class=\"panel-grid panel-has-style\" ><div class=\"lsow-row siteorigin-panels-stretch panel-row-style panel-row-style-for-317-1\" data-stretch-type=\"full\" ><div id=\"pgc-317-1-0\"  class=\"panel-grid-cell\" ><div class=\"panel-cell-style panel-cell-style-for-317-1-0\" ><div id=\"panel-317-1-0-0\" class=\"so-panel widget widget_sow-image panel-first-child panel-last-child\" data-index=\"1\" ><div\n\t\t\t\n\t\t\tclass=\"so-widget-sow-image so-widget-sow-image-default-8b5b6f678277-317\"\n\t\t\t\n\t\t>\n<div class=\"sow-image-container\">\n\t\t<img \n\tsrc=\"https:\/\/rlrtl.com\/ipsa\/wp-content\/uploads\/2025\/09\/Recurso-37.png\" width=\"750\" height=\"545\" srcset=\"https:\/\/rlrtl.com\/ipsa\/wp-content\/uploads\/2025\/09\/Recurso-37.png 750w, https:\/\/rlrtl.com\/ipsa\/wp-content\/uploads\/2025\/09\/Recurso-37-300x218.png 300w, https:\/\/rlrtl.com\/ipsa\/wp-content\/uploads\/2025\/09\/Recurso-37-650x472.png 650w\" sizes=\"(max-width: 750px) 100vw, 750px\" title=\"Recurso 37\" alt=\"\" \t\tclass=\"so-widget-image\"\/>\n\t<\/div>\n\n<\/div><\/div><\/div><\/div><div id=\"pgc-317-1-1\"  class=\"panel-grid-cell\" ><div id=\"panel-317-1-1-0\" class=\"so-panel widget widget_sow-editor panel-first-child\" data-index=\"2\" ><div id=\"distri-pc\" class=\"panel-widget-style panel-widget-style-for-317-1-1-0\" ><div\n\t\t\t\n\t\t\tclass=\"so-widget-sow-editor so-widget-sow-editor-base\"\n\t\t\t\n\t\t>\n<div class=\"siteorigin-widget-tinymce textwidget\">\n\t<h1 style=\"font-size: 2rem; font-weight: 900;\">DISTRIBUCIONES OFICIALES<\/h1>\n<\/div>\n<\/div><\/div><\/div><div id=\"panel-317-1-1-1\" class=\"so-panel widget widget_sow-image\" data-index=\"3\" ><div\n\t\t\t\n\t\t\tclass=\"so-widget-sow-image so-widget-sow-image-default-8b5b6f678277-317\"\n\t\t\t\n\t\t>\n<div class=\"sow-image-container\">\n\t\t<img \n\tsrc=\"https:\/\/rlrtl.com\/ipsa\/wp-content\/uploads\/2025\/09\/Recurso-7.png\" width=\"382\" height=\"61\" srcset=\"https:\/\/rlrtl.com\/ipsa\/wp-content\/uploads\/2025\/09\/Recurso-7.png 382w, https:\/\/rlrtl.com\/ipsa\/wp-content\/uploads\/2025\/09\/Recurso-7-300x48.png 300w\" sizes=\"(max-width: 382px) 100vw, 382px\" title=\"Recurso 7\" alt=\"Merck\" \t\tclass=\"so-widget-image\"\/>\n\t<\/div>\n\n<\/div><\/div><div id=\"panel-317-1-1-2\" class=\"so-panel widget widget_sow-editor panel-last-child\" data-index=\"4\" ><div class=\"panel-widget-style panel-widget-style-for-317-1-1-2\" ><div\n\t\t\t\n\t\t\tclass=\"so-widget-sow-editor so-widget-sow-editor-base\"\n\t\t\t\n\t\t>\n<div class=\"siteorigin-widget-tinymce textwidget\">\n\t<p>Es una empresa global de ciencia y tecnolog\u00eda l\u00edder en sectores de salud,<\/p>\n<p>ciencias de la vida y electr\u00f3nica. Su innovaci\u00f3n y desarrollo est\u00e1n enfoca-<br \/>\ndos en mejorar la calidad de vida a trav\u00e9s de soluciones avanzadas en<\/p>\n<p>medicamentos, biotecnolog\u00eda, investigaci\u00f3n cient\u00edfica y materiales de<br \/>\nalta tecnolog\u00eda.<\/p>\n<p><strong>Nuestras l\u00edneas exclusivas:<\/strong><\/p>\n<\/div>\n<\/div><\/div><\/div><\/div><\/div><\/div><div id=\"pg-317-2\"  class=\"panel-grid panel-has-style\" ><div class=\"siteorigin-panels-stretch panel-row-style panel-row-style-for-317-2\" data-stretch-type=\"full\" ><div id=\"pgc-317-2-0\"  class=\"panel-grid-cell\" ><div id=\"panel-317-2-0-0\" class=\"so-panel widget widget_sow-image panel-first-child\" data-index=\"5\" ><div\n\t\t\t\n\t\t\tclass=\"so-widget-sow-image so-widget-sow-image-default-8b5b6f678277-317\"\n\t\t\t\n\t\t>\n<div class=\"sow-image-container\">\n\t\t<img \n\tsrc=\"https:\/\/rlrtl.com\/ipsa\/wp-content\/uploads\/2025\/09\/Screenshot_2.jpg\" width=\"539\" height=\"285\" srcset=\"https:\/\/rlrtl.com\/ipsa\/wp-content\/uploads\/2025\/09\/Screenshot_2.jpg 539w, https:\/\/rlrtl.com\/ipsa\/wp-content\/uploads\/2025\/09\/Screenshot_2-300x159.jpg 300w\" sizes=\"(max-width: 539px) 100vw, 539px\" alt=\"\" \t\tclass=\"so-widget-image\"\/>\n\t<\/div>\n\n<\/div><\/div><div id=\"panel-317-2-0-1\" class=\"so-panel widget widget_sow-editor panel-last-child\" data-index=\"6\" ><div class=\"panel-widget-style panel-widget-style-for-317-2-0-1\" ><div\n\t\t\t\n\t\t\tclass=\"so-widget-sow-editor so-widget-sow-editor-base\"\n\t\t\t\n\t\t>\n<div class=\"siteorigin-widget-tinymce textwidget\">\n\t<p>Su portfolio ofrece una amplia cartera de materiales para laboratorio y producci\u00f3n con soporte t\u00e9cnico y cient\u00edfico, que demuestra nuestra b\u00fasqueda compartida de progreso cient\u00edfico.<br \/>\nCRISPR\/Cas Tecnolog\u00eda para la edici\u00f3n<br \/>\nde genoma.<br \/>\nMedios de cultivo celular.<br \/>\nS\u00edntesis org\u00e1nica y productos qu\u00edmicos.<br \/>\nTinci\u00f3n microsc\u00f3pica, tintes y anticuerpos de<br \/>\ndiagn\u00f3stico.<\/p>\n<\/div>\n<\/div><\/div><\/div><\/div><div id=\"pgc-317-2-1\"  class=\"panel-grid-cell\" ><div id=\"panel-317-2-1-0\" class=\"so-panel widget widget_sow-image panel-first-child\" data-index=\"7\" ><div\n\t\t\t\n\t\t\tclass=\"so-widget-sow-image so-widget-sow-image-default-8b5b6f678277-317\"\n\t\t\t\n\t\t>\n<div class=\"sow-image-container\">\n\t\t<img \n\tsrc=\"https:\/\/rlrtl.com\/ipsa\/wp-content\/uploads\/2025\/09\/Screenshot_3.jpg\" width=\"513\" height=\"276\" srcset=\"https:\/\/rlrtl.com\/ipsa\/wp-content\/uploads\/2025\/09\/Screenshot_3.jpg 513w, https:\/\/rlrtl.com\/ipsa\/wp-content\/uploads\/2025\/09\/Screenshot_3-300x161.jpg 300w\" sizes=\"(max-width: 513px) 100vw, 513px\" alt=\"\" \t\tclass=\"so-widget-image\"\/>\n\t<\/div>\n\n<\/div><\/div><div id=\"panel-317-2-1-1\" class=\"so-panel widget widget_sow-editor panel-last-child\" data-index=\"8\" ><div class=\"panel-widget-style panel-widget-style-for-317-2-1-1\" ><div\n\t\t\t\n\t\t\tclass=\"so-widget-sow-editor so-widget-sow-editor-base\"\n\t\t\t\n\t\t>\n<div class=\"siteorigin-widget-tinymce textwidget\">\n\t<p>Ofrece un porfolio de materiales l\u00edderes para la<br \/>\npreparaci\u00f3n, separaci\u00f3n, filtraci\u00f3n y pruebas de ensayo de productos y tecnolog\u00edas arraigadas en<br \/>\ncalidad, fiabilidad, procesos comprobados y<br \/>\nexperiencia normativa.<br \/>\nCultivo celular, cromatograf\u00eda y preparaci\u00f3n de<br \/>\nmuestras de prote\u00ednas.<br \/>\nDetecci\u00f3n y cuantificaci\u00f3n de prote\u00ednas.<br \/>\nMedios y componentes de la microbiolog\u00eda.<br \/>\nFiltraci\u00f3n est\u00e9ril a gran escala.<\/p>\n<\/div>\n<\/div><\/div><\/div><\/div><div id=\"pgc-317-2-2\"  class=\"panel-grid-cell\" ><div id=\"panel-317-2-2-0\" class=\"so-panel widget widget_sow-image panel-first-child\" data-index=\"9\" ><div\n\t\t\t\n\t\t\tclass=\"so-widget-sow-image so-widget-sow-image-default-8b5b6f678277-317\"\n\t\t\t\n\t\t>\n<div class=\"sow-image-container\">\n\t\t<img \n\tsrc=\"https:\/\/rlrtl.com\/ipsa\/wp-content\/uploads\/2025\/09\/Screenshot_4.jpg\" width=\"518\" height=\"290\" srcset=\"https:\/\/rlrtl.com\/ipsa\/wp-content\/uploads\/2025\/09\/Screenshot_4.jpg 518w, https:\/\/rlrtl.com\/ipsa\/wp-content\/uploads\/2025\/09\/Screenshot_4-300x168.jpg 300w\" sizes=\"(max-width: 518px) 100vw, 518px\" alt=\"\" \t\tclass=\"so-widget-image\"\/>\n\t<\/div>\n\n<\/div><\/div><div id=\"panel-317-2-2-1\" class=\"so-panel widget widget_sow-editor panel-last-child\" data-index=\"10\" ><div class=\"panel-widget-style panel-widget-style-for-317-2-2-1\" ><div\n\t\t\t\n\t\t\tclass=\"so-widget-sow-editor so-widget-sow-editor-base\"\n\t\t\t\n\t\t>\n<div class=\"siteorigin-widget-tinymce textwidget\">\n\t<p>Los sistemas Milli-Q\u00ae combinan tecnolog\u00edas avanzadas para el control y purificaci\u00f3n del agua.<br \/>\nLa selecci\u00f3n del sistema adecuado depende de<br \/>\nfactores como la disponibilidad de agua, el volumen requerido, los niveles de certificaci\u00f3n y otros requisitos espec\u00edficos. Nuestros especialistas en purificaci\u00f3n de agua est\u00e1n disponibles para asesorarte y dise\u00f1ar el sistema de agua ultra pura m\u00e1s adecuado para tus necesidades.<\/p>\n<\/div>\n<\/div><\/div><\/div><\/div><div id=\"pgc-317-2-3\"  class=\"panel-grid-cell\" ><div id=\"panel-317-2-3-0\" class=\"so-panel widget widget_sow-image panel-first-child\" data-index=\"11\" ><div\n\t\t\t\n\t\t\tclass=\"so-widget-sow-image so-widget-sow-image-default-8b5b6f678277-317\"\n\t\t\t\n\t\t>\n<div class=\"sow-image-container\">\n\t\t<img \n\tsrc=\"https:\/\/rlrtl.com\/ipsa\/wp-content\/uploads\/2025\/09\/Screenshot_5.jpg\" width=\"527\" height=\"278\" srcset=\"https:\/\/rlrtl.com\/ipsa\/wp-content\/uploads\/2025\/09\/Screenshot_5.jpg 527w, https:\/\/rlrtl.com\/ipsa\/wp-content\/uploads\/2025\/09\/Screenshot_5-300x158.jpg 300w\" sizes=\"(max-width: 527px) 100vw, 527px\" alt=\"\" \t\tclass=\"so-widget-image\"\/>\n\t<\/div>\n\n<\/div><\/div><div id=\"panel-317-2-3-1\" class=\"so-panel widget widget_sow-editor panel-last-child\" data-index=\"12\" ><div class=\"panel-widget-style panel-widget-style-for-317-2-3-1\" ><div\n\t\t\t\n\t\t\tclass=\"so-widget-sow-editor so-widget-sow-editor-base\"\n\t\t\t\n\t\t>\n<div class=\"siteorigin-widget-tinymce textwidget\">\n\t<p>El portfolio de productos anal\u00edticos Supelco est\u00e1 dise\u00f1ado y creado por qu\u00edmicos anal\u00edticos para<br \/>\nbrindar fiabilidad. Esto incluye:<br \/>\nSolventes para el an\u00e1lisis instrumental<br \/>\nColumnas de cromatograf\u00eda (HPLC, GC)<br \/>\nReactivos Karl Fischer<br \/>\nMaterial de referencia<br \/>\nPortfolio de an\u00e1lisis de agua y alimentos (tiras<br \/>\nreactivas, kits e instrumentos).<\/p>\n<\/div>\n<\/div><\/div><\/div><\/div><\/div><\/div><div id=\"pg-317-3\"  class=\"panel-grid panel-has-style\" ><div class=\"siteorigin-panels-stretch panel-row-style panel-row-style-for-317-3\" data-stretch-type=\"full\" ><div id=\"pgc-317-3-0\"  class=\"panel-grid-cell\" ><div id=\"panel-317-3-0-0\" class=\"so-panel widget widget_sow-image panel-first-child panel-last-child\" data-index=\"13\" ><div\n\t\t\t\n\t\t\tclass=\"so-widget-sow-image so-widget-sow-image-default-8b5b6f678277-317\"\n\t\t\t\n\t\t>\n<div class=\"sow-image-container\">\n\t\t<img \n\tsrc=\"https:\/\/rlrtl.com\/ipsa\/wp-content\/uploads\/2025\/09\/Screenshot_6.jpg\" width=\"746\" height=\"301\" srcset=\"https:\/\/rlrtl.com\/ipsa\/wp-content\/uploads\/2025\/09\/Screenshot_6.jpg 746w, https:\/\/rlrtl.com\/ipsa\/wp-content\/uploads\/2025\/09\/Screenshot_6-300x121.jpg 300w, https:\/\/rlrtl.com\/ipsa\/wp-content\/uploads\/2025\/09\/Screenshot_6-650x262.jpg 650w\" sizes=\"(max-width: 746px) 100vw, 746px\" alt=\"\" \t\tclass=\"so-widget-image\"\/>\n\t<\/div>\n\n<\/div><\/div><\/div><div id=\"pgc-317-3-1\"  class=\"panel-grid-cell\" ><div id=\"panel-317-3-1-0\" class=\"so-panel widget widget_sow-image panel-first-child panel-last-child\" data-index=\"14\" ><div\n\t\t\t\n\t\t\tclass=\"so-widget-sow-image so-widget-sow-image-default-8b5b6f678277-317\"\n\t\t\t\n\t\t>\n<div class=\"sow-image-container\">\n\t\t<img \n\tsrc=\"https:\/\/rlrtl.com\/ipsa\/wp-content\/uploads\/2025\/09\/Screenshot_7.jpg\" width=\"729\" height=\"292\" srcset=\"https:\/\/rlrtl.com\/ipsa\/wp-content\/uploads\/2025\/09\/Screenshot_7.jpg 729w, https:\/\/rlrtl.com\/ipsa\/wp-content\/uploads\/2025\/09\/Screenshot_7-300x120.jpg 300w, https:\/\/rlrtl.com\/ipsa\/wp-content\/uploads\/2025\/09\/Screenshot_7-650x260.jpg 650w\" sizes=\"(max-width: 729px) 100vw, 729px\" alt=\"\" \t\tclass=\"so-widget-image\"\/>\n\t<\/div>\n\n<\/div><\/div><\/div><div id=\"pgc-317-3-2\"  class=\"panel-grid-cell\" ><div id=\"panel-317-3-2-0\" class=\"so-panel widget widget_sow-image panel-first-child panel-last-child\" data-index=\"15\" ><div\n\t\t\t\n\t\t\tclass=\"so-widget-sow-image so-widget-sow-image-default-8b5b6f678277-317\"\n\t\t\t\n\t\t>\n<div class=\"sow-image-container\">\n\t\t<img \n\tsrc=\"https:\/\/rlrtl.com\/ipsa\/wp-content\/uploads\/2025\/09\/Screenshot_8.jpg\" width=\"729\" height=\"292\" srcset=\"https:\/\/rlrtl.com\/ipsa\/wp-content\/uploads\/2025\/09\/Screenshot_8.jpg 729w, https:\/\/rlrtl.com\/ipsa\/wp-content\/uploads\/2025\/09\/Screenshot_8-300x120.jpg 300w, https:\/\/rlrtl.com\/ipsa\/wp-content\/uploads\/2025\/09\/Screenshot_8-650x260.jpg 650w\" sizes=\"(max-width: 729px) 100vw, 729px\" alt=\"\" \t\tclass=\"so-widget-image\"\/>\n\t<\/div>\n\n<\/div><\/div><\/div><\/div><\/div><div id=\"pg-317-4\"  class=\"panel-grid panel-has-style\" ><div class=\"siteorigin-panels-stretch panel-row-style panel-row-style-for-317-4\" data-stretch-type=\"full\" ><div id=\"pgc-317-4-0\"  class=\"panel-grid-cell\" ><div id=\"panel-317-4-0-0\" class=\"so-panel widget widget_sow-image panel-first-child panel-last-child\" data-index=\"16\" ><div\n\t\t\t\n\t\t\tclass=\"so-widget-sow-image so-widget-sow-image-default-8b5b6f678277-317\"\n\t\t\t\n\t\t>\n<div class=\"sow-image-container\">\n\t\t<img \n\tsrc=\"https:\/\/rlrtl.com\/ipsa\/wp-content\/uploads\/2025\/09\/Recurso-2-1.png\" width=\"779\" height=\"566\" srcset=\"https:\/\/rlrtl.com\/ipsa\/wp-content\/uploads\/2025\/09\/Recurso-2-1.png 779w, https:\/\/rlrtl.com\/ipsa\/wp-content\/uploads\/2025\/09\/Recurso-2-1-300x218.png 300w, https:\/\/rlrtl.com\/ipsa\/wp-content\/uploads\/2025\/09\/Recurso-2-1-768x558.png 768w, https:\/\/rlrtl.com\/ipsa\/wp-content\/uploads\/2025\/09\/Recurso-2-1-650x472.png 650w\" sizes=\"(max-width: 779px) 100vw, 779px\" title=\"Recurso 2\" alt=\"\" \t\tclass=\"so-widget-image\"\/>\n\t<\/div>\n\n<\/div><\/div><\/div><div id=\"pgc-317-4-1\"  class=\"panel-grid-cell\" ><div id=\"panel-317-4-1-0\" class=\"so-panel widget widget_sow-editor panel-first-child\" data-index=\"17\" ><div class=\"panel-widget-style panel-widget-style-for-317-4-1-0\" ><div\n\t\t\t\n\t\t\tclass=\"so-widget-sow-editor so-widget-sow-editor-base\"\n\t\t\t\n\t\t>\n<div class=\"siteorigin-widget-tinymce textwidget\">\n\t<h2 style=\"font-size: 2rem; font-weight: 900;\">DISTRIBUCIONES OFICIALES<\/h2>\n<\/div>\n<\/div><\/div><\/div><div id=\"panel-317-4-1-1\" class=\"so-panel widget widget_sow-image\" data-index=\"18\" ><div\n\t\t\t\n\t\t\tclass=\"so-widget-sow-image so-widget-sow-image-default-8b5b6f678277-317\"\n\t\t\t\n\t\t>\n<div class=\"sow-image-container\">\n\t\t<img \n\tsrc=\"https:\/\/rlrtl.com\/ipsa\/wp-content\/uploads\/2025\/09\/Recurso-3-1.png\" width=\"322\" height=\"124\" srcset=\"https:\/\/rlrtl.com\/ipsa\/wp-content\/uploads\/2025\/09\/Recurso-3-1.png 322w, https:\/\/rlrtl.com\/ipsa\/wp-content\/uploads\/2025\/09\/Recurso-3-1-300x116.png 300w\" sizes=\"(max-width: 322px) 100vw, 322px\" title=\"Recurso 3\" alt=\"\" \t\tclass=\"so-widget-image\"\/>\n\t<\/div>\n\n<\/div><\/div><div id=\"panel-317-4-1-2\" class=\"so-panel widget widget_sow-editor panel-last-child\" data-index=\"19\" ><div class=\"panel-widget-style panel-widget-style-for-317-4-1-2\" ><div\n\t\t\t\n\t\t\tclass=\"so-widget-sow-editor so-widget-sow-editor-base\"\n\t\t\t\n\t\t>\n<div class=\"siteorigin-widget-tinymce textwidget\">\n\t<p>Somos socios estrat\u00e9gicos y distribuidores oficiales de marcas reconocidas a nivel internacional abasteciendo insumos y equipamiento a industrias, organismos<br \/>\np\u00fablicos y sectores clave en toda la regi\u00f3n.<\/p>\n<\/div>\n<\/div><\/div><\/div><\/div><\/div><\/div><div id=\"pg-317-5\"  class=\"panel-grid panel-has-style\" ><div class=\"siteorigin-panels-stretch panel-row-style panel-row-style-for-317-5\" data-stretch-type=\"full\" ><div id=\"pgc-317-5-0\"  class=\"panel-grid-cell\" ><div id=\"panel-317-5-0-0\" class=\"so-panel widget widget_sow-image panel-first-child panel-last-child\" data-index=\"20\" ><div\n\t\t\t\n\t\t\tclass=\"so-widget-sow-image so-widget-sow-image-default-8b5b6f678277-317\"\n\t\t\t\n\t\t>\n<div class=\"sow-image-container\">\n\t\t<img \n\tsrc=\"https:\/\/rlrtl.com\/ipsa\/wp-content\/uploads\/2025\/09\/Screenshot_9.jpg\" width=\"437\" height=\"269\" srcset=\"https:\/\/rlrtl.com\/ipsa\/wp-content\/uploads\/2025\/09\/Screenshot_9.jpg 437w, https:\/\/rlrtl.com\/ipsa\/wp-content\/uploads\/2025\/09\/Screenshot_9-300x185.jpg 300w\" sizes=\"(max-width: 437px) 100vw, 437px\" alt=\"\" \t\tclass=\"so-widget-image\"\/>\n\t<\/div>\n\n<\/div><\/div><\/div><div id=\"pgc-317-5-1\"  class=\"panel-grid-cell\" ><div id=\"panel-317-5-1-0\" class=\"so-panel widget widget_sow-image panel-first-child panel-last-child\" data-index=\"21\" ><div\n\t\t\t\n\t\t\tclass=\"so-widget-sow-image so-widget-sow-image-default-8b5b6f678277-317\"\n\t\t\t\n\t\t>\n<div class=\"sow-image-container\">\n\t\t<img \n\tsrc=\"https:\/\/rlrtl.com\/ipsa\/wp-content\/uploads\/2025\/09\/Screenshot_10.jpg\" width=\"439\" height=\"271\" srcset=\"https:\/\/rlrtl.com\/ipsa\/wp-content\/uploads\/2025\/09\/Screenshot_10.jpg 439w, https:\/\/rlrtl.com\/ipsa\/wp-content\/uploads\/2025\/09\/Screenshot_10-300x185.jpg 300w\" sizes=\"(max-width: 439px) 100vw, 439px\" alt=\"\" \t\tclass=\"so-widget-image\"\/>\n\t<\/div>\n\n<\/div><\/div><\/div><div id=\"pgc-317-5-2\"  class=\"panel-grid-cell\" ><div id=\"panel-317-5-2-0\" class=\"so-panel widget widget_sow-image panel-first-child panel-last-child\" data-index=\"22\" ><div\n\t\t\t\n\t\t\tclass=\"so-widget-sow-image so-widget-sow-image-default-8b5b6f678277-317\"\n\t\t\t\n\t\t>\n<div class=\"sow-image-container\">\n\t\t<img \n\tsrc=\"https:\/\/rlrtl.com\/ipsa\/wp-content\/uploads\/2025\/09\/Screenshot_11.jpg\" width=\"433\" height=\"271\" srcset=\"https:\/\/rlrtl.com\/ipsa\/wp-content\/uploads\/2025\/09\/Screenshot_11.jpg 433w, https:\/\/rlrtl.com\/ipsa\/wp-content\/uploads\/2025\/09\/Screenshot_11-300x188.jpg 300w\" sizes=\"(max-width: 433px) 100vw, 433px\" alt=\"\" \t\tclass=\"so-widget-image\"\/>\n\t<\/div>\n\n<\/div><\/div><\/div><div id=\"pgc-317-5-3\"  class=\"panel-grid-cell\" ><div id=\"panel-317-5-3-0\" class=\"so-panel widget widget_sow-image panel-first-child panel-last-child\" data-index=\"23\" ><div\n\t\t\t\n\t\t\tclass=\"so-widget-sow-image so-widget-sow-image-default-8b5b6f678277-317\"\n\t\t\t\n\t\t>\n<div class=\"sow-image-container\">\n\t\t<img \n\tsrc=\"https:\/\/rlrtl.com\/ipsa\/wp-content\/uploads\/2025\/09\/Screenshot_12.jpg\" width=\"447\" height=\"268\" srcset=\"https:\/\/rlrtl.com\/ipsa\/wp-content\/uploads\/2025\/09\/Screenshot_12.jpg 447w, https:\/\/rlrtl.com\/ipsa\/wp-content\/uploads\/2025\/09\/Screenshot_12-300x180.jpg 300w\" sizes=\"(max-width: 447px) 100vw, 447px\" alt=\"\" \t\tclass=\"so-widget-image\"\/>\n\t<\/div>\n\n<\/div><\/div><\/div><div id=\"pgc-317-5-4\"  class=\"panel-grid-cell\" ><div id=\"panel-317-5-4-0\" class=\"so-panel widget widget_sow-image panel-first-child panel-last-child\" data-index=\"24\" ><div\n\t\t\t\n\t\t\tclass=\"so-widget-sow-image so-widget-sow-image-default-8b5b6f678277-317\"\n\t\t\t\n\t\t>\n<div class=\"sow-image-container\">\n\t\t<img \n\tsrc=\"https:\/\/rlrtl.com\/ipsa\/wp-content\/uploads\/2025\/09\/Screenshot_13.jpg\" width=\"438\" height=\"267\" srcset=\"https:\/\/rlrtl.com\/ipsa\/wp-content\/uploads\/2025\/09\/Screenshot_13.jpg 438w, https:\/\/rlrtl.com\/ipsa\/wp-content\/uploads\/2025\/09\/Screenshot_13-300x183.jpg 300w\" sizes=\"(max-width: 438px) 100vw, 438px\" alt=\"\" \t\tclass=\"so-widget-image\"\/>\n\t<\/div>\n\n<\/div><\/div><\/div><\/div><\/div><div id=\"pg-317-6\"  class=\"panel-grid panel-has-style\" ><div class=\"siteorigin-panels-stretch panel-row-style panel-row-style-for-317-6\" data-stretch-type=\"full\" ><div id=\"pgc-317-6-0\"  class=\"panel-grid-cell\" ><div id=\"panel-317-6-0-0\" class=\"so-panel widget widget_sow-image panel-first-child panel-last-child\" data-index=\"25\" ><div\n\t\t\t\n\t\t\tclass=\"so-widget-sow-image so-widget-sow-image-default-8b5b6f678277-317\"\n\t\t\t\n\t\t>\n<div class=\"sow-image-container\">\n\t\t<img \n\tsrc=\"https:\/\/rlrtl.com\/ipsa\/wp-content\/uploads\/2025\/09\/Recurso-4-1.png\" width=\"750\" height=\"545\" srcset=\"https:\/\/rlrtl.com\/ipsa\/wp-content\/uploads\/2025\/09\/Recurso-4-1.png 750w, https:\/\/rlrtl.com\/ipsa\/wp-content\/uploads\/2025\/09\/Recurso-4-1-300x218.png 300w, https:\/\/rlrtl.com\/ipsa\/wp-content\/uploads\/2025\/09\/Recurso-4-1-650x472.png 650w\" sizes=\"(max-width: 750px) 100vw, 750px\" title=\"Recurso 4\" alt=\"\" \t\tclass=\"so-widget-image\"\/>\n\t<\/div>\n\n<\/div><\/div><\/div><div id=\"pgc-317-6-1\"  class=\"panel-grid-cell\" ><div id=\"panel-317-6-1-0\" class=\"so-panel widget widget_sow-editor panel-first-child\" data-index=\"26\" ><div class=\"panel-widget-style panel-widget-style-for-317-6-1-0\" ><div\n\t\t\t\n\t\t\tclass=\"so-widget-sow-editor so-widget-sow-editor-base\"\n\t\t\t\n\t\t>\n<div class=\"siteorigin-widget-tinymce textwidget\">\n\t<h2 style=\"font-size: 2rem; font-weight: 900;\">OTRAS DISTRIBUCIONES<\/h2>\n<\/div>\n<\/div><\/div><\/div><div id=\"panel-317-6-1-1\" class=\"so-panel widget widget_sow-editor\" data-index=\"27\" ><div class=\"panel-widget-style panel-widget-style-for-317-6-1-1\" ><div\n\t\t\t\n\t\t\tclass=\"so-widget-sow-editor so-widget-sow-editor-base\"\n\t\t\t\n\t\t>\n<div class=\"siteorigin-widget-tinymce textwidget\">\n\t<h3>NO EXCLUSIVAS<\/h3>\n<\/div>\n<\/div><\/div><\/div><div id=\"panel-317-6-1-2\" class=\"so-panel widget widget_sow-editor\" data-index=\"28\" ><div class=\"panel-widget-style panel-widget-style-for-317-6-1-2\" ><div\n\t\t\t\n\t\t\tclass=\"so-widget-sow-editor so-widget-sow-editor-base\"\n\t\t\t\n\t\t>\n<div class=\"siteorigin-widget-tinymce textwidget\">\n\t<p>Somos socios estrat\u00e9gicos y distribuidores oficiales de marcas reconocidas a nivel internacional abasteciendo insumos y equipamiento a industrias, organismos<br \/>\np\u00fablicos y sectores clave en toda la regi\u00f3n.<\/p>\n<\/div>\n<\/div><\/div><\/div><div id=\"panel-317-6-1-3\" class=\"so-panel widget widget_sow-editor panel-last-child\" data-index=\"29\" ><div class=\"panel-widget-style panel-widget-style-for-317-6-1-3\" ><div\n\t\t\t\n\t\t\tclass=\"so-widget-sow-editor so-widget-sow-editor-base\"\n\t\t\t\n\t\t>\n<div class=\"siteorigin-widget-tinymce textwidget\">\n\t<p><a href=\"https:\/\/rlrtl.com\/ipsa\/wp-content\/uploads\/2025\/09\/Recurso-5.png\"><img loading=\"lazy\" decoding=\"async\" class=\"alignnone size-full wp-image-355\" src=\"https:\/\/rlrtl.com\/ipsa\/wp-content\/uploads\/2025\/09\/Recurso-5.png\" alt=\"\" width=\"128\" height=\"81\" \/><\/a>\u00a0 \u00a0 <a href=\"https:\/\/rlrtl.com\/ipsa\/wp-content\/uploads\/2025\/09\/Recurso-6.png\"><img loading=\"lazy\" decoding=\"async\" class=\"alignnone wp-image-356 size-full\" src=\"https:\/\/rlrtl.com\/ipsa\/wp-content\/uploads\/2025\/09\/Recurso-6.png\" alt=\"\" width=\"226\" height=\"61\" \/><\/a><\/p>\n<\/div>\n<\/div><\/div><\/div><\/div><\/div><\/div><\/div>","protected":false},"excerpt":{"rendered":"<p>DISTRIBUCIONES OFICIALES DISTRIBUCIONES OFICIALES Es una empresa global de ciencia y tecnolog\u00eda l\u00edder en sectores de salud, ciencias de la vida y electr\u00f3nica. Su innovaci\u00f3n y desarrollo est\u00e1n enfoca- dos en mejorar la calidad de vida a trav\u00e9s de soluciones avanzadas en medicamentos, biotecnolog\u00eda, investigaci\u00f3n cient\u00edfica y materiales de alta tecnolog\u00eda. Nuestras l\u00edneas exclusivas:<\/p>\n","protected":false},"author":2,"featured_media":0,"parent":0,"menu_order":0,"comment_status":"closed","ping_status":"closed","template":"","meta":{"_joinchat":[],"footnotes":""},"class_list":["post-317","page","type-page","status-publish","hentry","post"],"_links":{"self":[{"href":"https:\/\/rlrtl.com\/ipsa\/wp-json\/wp\/v2\/pages\/317","targetHints":{"allow":["GET"]}}],"collection":[{"href":"https:\/\/rlrtl.com\/ipsa\/wp-json\/wp\/v2\/pages"}],"about":[{"href":"https:\/\/rlrtl.com\/ipsa\/wp-json\/wp\/v2\/types\/page"}],"author":[{"embeddable":true,"href":"https:\/\/rlrtl.com\/ipsa\/wp-json\/wp\/v2\/users\/2"}],"replies":[{"embeddable":true,"href":"https:\/\/rlrtl.com\/ipsa\/wp-json\/wp\/v2\/comments?post=317"}],"version-history":[{"count":59,"href":"https:\/\/rlrtl.com\/ipsa\/wp-json\/wp\/v2\/pages\/317\/revisions"}],"predecessor-version":[{"id":693,"href":"https:\/\/rlrtl.com\/ipsa\/wp-json\/wp\/v2\/pages\/317\/revisions\/693"}],"wp:attachment":[{"href":"https:\/\/rlrtl.com\/ipsa\/wp-json\/wp\/v2\/media?parent=317"}],"curies":[{"name":"wp","href":"https:\/\/api.w.org\/{rel}","templated":true}]}}