{"id":225,"date":"2025-09-11T03:35:27","date_gmt":"2025-09-11T03:35:27","guid":{"rendered":"https:\/\/rlrtl.com\/ipsa\/?page_id=225"},"modified":"2025-09-15T12:38:14","modified_gmt":"2025-09-15T12:38:14","slug":"servicios","status":"publish","type":"page","link":"https:\/\/rlrtl.com\/ipsa\/servicios\/","title":{"rendered":"SERVICIOS"},"content":{"rendered":"<div id=\"pl-225\"  class=\"panel-layout\" ><div id=\"pg-225-0\"  class=\"panel-grid panel-has-style\" ><div id=\"hero-pc\" class=\"panel-row-style panel-row-style-for-225-0\" ><div id=\"pgc-225-0-0\"  class=\"panel-grid-cell\" ><div id=\"panel-225-0-0-0\" class=\"so-panel widget widget_sow-editor panel-first-child panel-last-child\" data-index=\"0\" ><div\n\t\t\t\n\t\t\tclass=\"so-widget-sow-editor so-widget-sow-editor-base\"\n\t\t\t\n\t\t>\n<div class=\"siteorigin-widget-tinymce textwidget\">\n\t<h1 style=\"text-align: center; font-size: 2rem; font-weight:900;\">NUESTROS<\/h1>\n<h1 style=\"text-align: center; font-size: 2rem; font-weight:900;\">SERVICIOS<\/h1>\n<\/div>\n<\/div><\/div><\/div><div id=\"pgc-225-0-1\"  class=\"panel-grid-cell\" ><div id=\"panel-225-0-1-0\" class=\"so-panel widget widget_sow-image panel-first-child panel-last-child\" data-index=\"1\" ><div\n\t\t\t\n\t\t\tclass=\"so-widget-sow-image so-widget-sow-image-default-8b5b6f678277-225\"\n\t\t\t\n\t\t>\n<div class=\"sow-image-container\">\n\t\t<img \n\tsrc=\"https:\/\/rlrtl.com\/ipsa\/wp-content\/uploads\/2025\/09\/Recurso-28.png\" width=\"365\" height=\"583\" srcset=\"https:\/\/rlrtl.com\/ipsa\/wp-content\/uploads\/2025\/09\/Recurso-28.png 365w, https:\/\/rlrtl.com\/ipsa\/wp-content\/uploads\/2025\/09\/Recurso-28-188x300.png 188w\" sizes=\"(max-width: 365px) 100vw, 365px\" title=\"Recurso 28\" alt=\"\" \t\tclass=\"so-widget-image\"\/>\n\t<\/div>\n\n<\/div><\/div><\/div><div id=\"pgc-225-0-2\"  class=\"panel-grid-cell\" ><div id=\"panel-225-0-2-0\" class=\"so-panel widget widget_sow-image panel-first-child panel-last-child\" data-index=\"2\" ><div\n\t\t\t\n\t\t\tclass=\"so-widget-sow-image so-widget-sow-image-default-8b5b6f678277-225\"\n\t\t\t\n\t\t>\n<div class=\"sow-image-container\">\n\t\t<img \n\tsrc=\"https:\/\/rlrtl.com\/ipsa\/wp-content\/uploads\/2025\/09\/Recurso-29.png\" width=\"362\" height=\"583\" srcset=\"https:\/\/rlrtl.com\/ipsa\/wp-content\/uploads\/2025\/09\/Recurso-29.png 362w, https:\/\/rlrtl.com\/ipsa\/wp-content\/uploads\/2025\/09\/Recurso-29-186x300.png 186w\" sizes=\"(max-width: 362px) 100vw, 362px\" title=\"Recurso 29\" alt=\"\" \t\tclass=\"so-widget-image\"\/>\n\t<\/div>\n\n<\/div><\/div><\/div><div id=\"pgc-225-0-3\"  class=\"panel-grid-cell\" ><div id=\"panel-225-0-3-0\" class=\"so-panel widget widget_sow-image panel-first-child panel-last-child\" data-index=\"3\" ><div\n\t\t\t\n\t\t\tclass=\"so-widget-sow-image so-widget-sow-image-default-8b5b6f678277-225\"\n\t\t\t\n\t\t>\n<div class=\"sow-image-container\">\n\t\t<img \n\tsrc=\"https:\/\/rlrtl.com\/ipsa\/wp-content\/uploads\/2025\/09\/Recurso-30.png\" width=\"363\" height=\"583\" srcset=\"https:\/\/rlrtl.com\/ipsa\/wp-content\/uploads\/2025\/09\/Recurso-30.png 363w, https:\/\/rlrtl.com\/ipsa\/wp-content\/uploads\/2025\/09\/Recurso-30-187x300.png 187w\" sizes=\"(max-width: 363px) 100vw, 363px\" title=\"Recurso 30\" alt=\"\" \t\tclass=\"so-widget-image\"\/>\n\t<\/div>\n\n<\/div><\/div><\/div><\/div><\/div><div id=\"pg-225-1\"  class=\"panel-grid panel-has-style\" ><div id=\"hero-movil\" class=\"panel-row-style panel-row-style-for-225-1\" ><div id=\"pgc-225-1-0\"  class=\"panel-grid-cell\" ><div id=\"panel-225-1-0-0\" class=\"so-panel widget widget_sow-editor panel-first-child\" data-index=\"4\" ><div\n\t\t\t\n\t\t\tclass=\"so-widget-sow-editor so-widget-sow-editor-base\"\n\t\t\t\n\t\t>\n<div class=\"siteorigin-widget-tinymce textwidget\">\n\t<h1 style=\"text-align: center; font-size: 2rem; font-weight:900;\">NUESTROS<\/h1>\n<h1 style=\"text-align: center; font-size: 2rem; font-weight:900;\">SERVICIOS<\/h1>\n<\/div>\n<\/div><\/div><div id=\"panel-225-1-0-1\" class=\"so-panel widget widget_sow-slider panel-last-child\" data-index=\"5\" ><div\n\t\t\t\n\t\t\tclass=\"so-widget-sow-slider so-widget-sow-slider-default-6d39609536fd-225\"\n\t\t\t\n\t\t>\t\t\t\t<div class=\"sow-slider-base\" style=\"display: none\" tabindex=\"0\">\n\t\t\t\t\t<ul\n\t\t\t\t\tclass=\"sow-slider-images\"\n\t\t\t\t\tdata-settings=\"{&quot;pagination&quot;:true,&quot;speed&quot;:400,&quot;timeout&quot;:8000,&quot;paused&quot;:false,&quot;pause_on_hover&quot;:false,&quot;swipe&quot;:true,&quot;nav_always_show_desktop&quot;:&quot;&quot;,&quot;nav_always_show_mobile&quot;:&quot;&quot;,&quot;breakpoint&quot;:&quot;780px&quot;,&quot;unmute&quot;:false,&quot;anchor&quot;:null}\"\n\t\t\t\t\t\t\t\t\t\tdata-anchor-id=\"\"\n\t\t\t\t>\t\t<li class=\"sow-slider-image\" style=\"visibility: visible;\" >\n\t\t\t\t\t\t<img loading=\"lazy\" decoding=\"async\" width=\"365\" height=\"583\" src=\"https:\/\/rlrtl.com\/ipsa\/wp-content\/uploads\/2025\/09\/Recurso-28.png\" class=\"sow-slider-background-image\" alt=\"\" style=\"\" srcset=\"https:\/\/rlrtl.com\/ipsa\/wp-content\/uploads\/2025\/09\/Recurso-28.png 365w, https:\/\/rlrtl.com\/ipsa\/wp-content\/uploads\/2025\/09\/Recurso-28-188x300.png 188w\" sizes=\"auto, (max-width: 365px) 100vw, 365px\" \/>\t\t<\/li>\n\t\t\t\t<li class=\"sow-slider-image\" style=\"visibility: hidden;\" >\n\t\t\t\t\t\t<img loading=\"lazy\" decoding=\"async\" width=\"362\" height=\"583\" src=\"https:\/\/rlrtl.com\/ipsa\/wp-content\/uploads\/2025\/09\/Recurso-29.png\" class=\"sow-slider-background-image\" alt=\"\" style=\"\" srcset=\"https:\/\/rlrtl.com\/ipsa\/wp-content\/uploads\/2025\/09\/Recurso-29.png 362w, https:\/\/rlrtl.com\/ipsa\/wp-content\/uploads\/2025\/09\/Recurso-29-186x300.png 186w\" sizes=\"auto, (max-width: 362px) 100vw, 362px\" \/>\t\t<\/li>\n\t\t\t\t<li class=\"sow-slider-image\" style=\"visibility: hidden;\" >\n\t\t\t\t\t\t<img loading=\"lazy\" decoding=\"async\" width=\"363\" height=\"583\" src=\"https:\/\/rlrtl.com\/ipsa\/wp-content\/uploads\/2025\/09\/Recurso-30.png\" class=\"sow-slider-background-image\" alt=\"\" style=\"\" srcset=\"https:\/\/rlrtl.com\/ipsa\/wp-content\/uploads\/2025\/09\/Recurso-30.png 363w, https:\/\/rlrtl.com\/ipsa\/wp-content\/uploads\/2025\/09\/Recurso-30-187x300.png 187w\" sizes=\"auto, (max-width: 363px) 100vw, 363px\" \/>\t\t<\/li>\n\t\t<\/ul>\t\t\t\t<ol class=\"sow-slider-pagination\">\n\t\t\t\t\t\t\t\t\t\t\t<li><a href=\"#\" data-goto=\"0\" aria-label=\"mostrar diapositiva 1\"><\/a><\/li>\n\t\t\t\t\t\t\t\t\t\t\t<li><a href=\"#\" data-goto=\"1\" aria-label=\"mostrar diapositiva 2\"><\/a><\/li>\n\t\t\t\t\t\t\t\t\t\t\t<li><a href=\"#\" data-goto=\"2\" aria-label=\"mostrar diapositiva 3\"><\/a><\/li>\n\t\t\t\t\t\t\t\t\t<\/ol>\n\n\t\t\t\t<div class=\"sow-slide-nav sow-slide-nav-next\">\n\t\t\t\t\t<a href=\"#\" data-goto=\"next\" aria-label=\"diapositiva siguiente\" data-action=\"next\">\n\t\t\t\t\t\t<em class=\"sow-sld-icon-thin-right\"><\/em>\n\t\t\t\t\t<\/a>\n\t\t\t\t<\/div>\n\n\t\t\t\t<div class=\"sow-slide-nav sow-slide-nav-prev\">\n\t\t\t\t\t<a href=\"#\" data-goto=\"previous\" aria-label=\"diapositiva anterior\" data-action=\"prev\">\n\t\t\t\t\t\t<em class=\"sow-sld-icon-thin-left\"><\/em>\n\t\t\t\t\t<\/a>\n\t\t\t\t<\/div>\n\t\t\t\t<\/div><\/div><\/div><\/div><\/div><\/div><div id=\"pg-225-2\"  class=\"panel-grid panel-has-style\" ><div class=\"siteorigin-panels-stretch panel-row-style panel-row-style-for-225-2\" data-stretch-type=\"full\" ><div id=\"pgc-225-2-0\"  class=\"panel-grid-cell\" ><div id=\"panel-225-2-0-0\" class=\"so-panel widget widget_sow-image panel-first-child panel-last-child\" data-index=\"6\" ><div\n\t\t\t\n\t\t\tclass=\"so-widget-sow-image so-widget-sow-image-default-8b5b6f678277-225\"\n\t\t\t\n\t\t>\n<div class=\"sow-image-container\">\n\t\t<img \n\tsrc=\"https:\/\/rlrtl.com\/ipsa\/wp-content\/uploads\/2025\/09\/Recurso-2.png\" width=\"734\" height=\"533\" srcset=\"https:\/\/rlrtl.com\/ipsa\/wp-content\/uploads\/2025\/09\/Recurso-2.png 734w, https:\/\/rlrtl.com\/ipsa\/wp-content\/uploads\/2025\/09\/Recurso-2-300x218.png 300w, https:\/\/rlrtl.com\/ipsa\/wp-content\/uploads\/2025\/09\/Recurso-2-650x472.png 650w\" sizes=\"(max-width: 734px) 100vw, 734px\" title=\"Winecare\" alt=\"Winecare\" \t\tclass=\"so-widget-image\"\/>\n\t<\/div>\n\n<\/div><\/div><\/div><div id=\"pgc-225-2-1\"  class=\"panel-grid-cell\" ><div id=\"panel-225-2-1-0\" class=\"so-panel widget widget_sow-image panel-first-child\" data-index=\"7\" ><div class=\"panel-widget-style panel-widget-style-for-225-2-1-0\" ><div\n\t\t\t\n\t\t\tclass=\"so-widget-sow-image so-widget-sow-image-default-8b5b6f678277-225\"\n\t\t\t\n\t\t>\n<div class=\"sow-image-container\">\n\t\t<img \n\tsrc=\"https:\/\/rlrtl.com\/ipsa\/wp-content\/uploads\/2025\/09\/Recurso-32.png\" width=\"396\" height=\"97\" srcset=\"https:\/\/rlrtl.com\/ipsa\/wp-content\/uploads\/2025\/09\/Recurso-32.png 396w, https:\/\/rlrtl.com\/ipsa\/wp-content\/uploads\/2025\/09\/Recurso-32-300x73.png 300w\" sizes=\"(max-width: 396px) 100vw, 396px\" title=\"Recurso 32\" alt=\"\" \t\tclass=\"so-widget-image\"\/>\n\t<\/div>\n\n<\/div><\/div><\/div><div id=\"panel-225-2-1-1\" class=\"so-panel widget widget_sow-editor\" data-index=\"8\" ><div class=\"panel-widget-style panel-widget-style-for-225-2-1-1\" ><div\n\t\t\t\n\t\t\tclass=\"so-widget-sow-editor so-widget-sow-editor-base\"\n\t\t\t\n\t\t>\n<div class=\"siteorigin-widget-tinymce textwidget\">\n\t<p>Garantizamos un embotellado y packaging final que combina tecnolog\u00eda de vanguardia, m\u00e1s de 15 a\u00f1os de experiencia y el cumplimiento de normativas internacionales, para asegurar la excelencia de tu producto en el mercado.<\/p>\n<p>Como socios de Parker, muchas empresas conf\u00edan en nuestro servicio logrando una sinergia completa de equipo con nuestros clientes.<\/p>\n<p>\u00bfBusc\u00e1s asesoramiento para tu empresa?<\/p>\n<h1 style=\"text-align: center;\"><\/h1>\n<\/div>\n<\/div><\/div><\/div><div id=\"panel-225-2-1-2\" class=\"so-panel widget widget_sow-button panel-last-child\" data-index=\"9\" ><div\n\t\t\t\n\t\t\tclass=\"so-widget-sow-button so-widget-sow-button-flat-575bfa13dfd3-225\"\n\t\t\t\n\t\t><div class=\"ow-button-base ow-button-align-left\"\n>\n\t\t\t<a\n\t\t\t\t\thref=\"https:\/\/rlrtl.com\/ipsa\/contacto\/\"\n\t\t\t\t\tclass=\"sowb-button ow-icon-placement-left ow-button-hover\" \t>\n\t\t<span>\n\t\t\t\n\t\t\tCONTACTANOS\t\t<\/span>\n\t\t\t<\/a>\n\t<\/div>\n<\/div><\/div><\/div><\/div><\/div><div id=\"pg-225-3\"  class=\"panel-grid panel-has-style\" ><div class=\"siteorigin-panels-stretch panel-row-style panel-row-style-for-225-3\" data-stretch-type=\"full\" ><div id=\"pgc-225-3-0\"  class=\"panel-grid-cell\" ><div class=\"so-rounded panel-cell-style panel-cell-style-for-225-3-0\" ><div id=\"panel-225-3-0-0\" class=\"so-panel widget widget_sow-editor panel-first-child\" data-index=\"10\" ><div class=\"panel-widget-style panel-widget-style-for-225-3-0-0\" ><div\n\t\t\t\n\t\t\tclass=\"so-widget-sow-editor so-widget-sow-editor-base\"\n\t\t\t\n\t\t>\n<div class=\"siteorigin-widget-tinymce textwidget\">\n\t<h2 style=\"text-align: center;\">Fraccionamiento M\u00f3vil<\/h2>\n<h1 style=\"text-align: center;\"><\/h1>\n<\/div>\n<\/div><\/div><\/div><div id=\"panel-225-3-0-1\" class=\"so-panel widget widget_sow-editor\" data-index=\"11\" ><div class=\"panel-widget-style panel-widget-style-for-225-3-0-1\" ><div\n\t\t\t\n\t\t\tclass=\"so-widget-sow-editor so-widget-sow-editor-base\"\n\t\t\t\n\t\t>\n<div class=\"siteorigin-widget-tinymce textwidget\">\n\t<p style=\"text-align: center;\">Enjuagado interno de botellas con sistema de seguridad en presi\u00f3n y caudal, inertizado, llenado con m\u00ednima incorporaci\u00f3n de ox\u00edgeno y tapado con tap\u00f3n o tapa a rosca.<\/p>\n<h1 style=\"text-align: center;\"><\/h1>\n<\/div>\n<\/div><\/div><\/div><div id=\"panel-225-3-0-2\" class=\"so-panel widget widget_sow-button panel-last-child\" data-index=\"12\" ><div\n\t\t\t\n\t\t\tclass=\"so-widget-sow-button so-widget-sow-button-flat-eb50d9ee0ff4-225\"\n\t\t\t\n\t\t><div class=\"ow-button-base ow-button-align-center\"\n>\n\t\t\t<a\n\t\t\t\t\thref=\"https:\/\/rlrtl.com\/ipsa\/contacto\/\"\n\t\t\t\t\tclass=\"sowb-button ow-icon-placement-left ow-button-hover\" \t>\n\t\t<span>\n\t\t\t\n\t\t\tQUIERO RESERVAR\t\t<\/span>\n\t\t\t<\/a>\n\t<\/div>\n<\/div><\/div><\/div><\/div><div id=\"pgc-225-3-1\"  class=\"panel-grid-cell\" ><div class=\"so-rounded panel-cell-style panel-cell-style-for-225-3-1\" ><div id=\"panel-225-3-1-0\" class=\"so-panel widget widget_sow-editor panel-first-child\" data-index=\"13\" ><div class=\"panel-widget-style panel-widget-style-for-225-3-1-0\" ><div\n\t\t\t\n\t\t\tclass=\"so-widget-sow-editor so-widget-sow-editor-base\"\n\t\t\t\n\t\t>\n<div class=\"siteorigin-widget-tinymce textwidget\">\n\t<h2 style=\"text-align: center;\">Servicio de\u00a0Vestido M\u00f3vil<\/h2>\n<h1 style=\"text-align: center;\"><\/h1>\n<\/div>\n<\/div><\/div><\/div><div id=\"panel-225-3-1-1\" class=\"so-panel widget widget_sow-editor\" data-index=\"14\" ><div class=\"panel-widget-style panel-widget-style-for-225-3-1-1\" ><div\n\t\t\t\n\t\t\tclass=\"so-widget-sow-editor so-widget-sow-editor-base\"\n\t\t\t\n\t\t>\n<div class=\"siteorigin-widget-tinymce textwidget\">\n\t<p style=\"text-align: center;\">Vestido para botellas de vino con etiquetadoras italianas de alta calidad (2400 bot\/h), capsuladora autom\u00e1tica de 4 cabezales y etiquetado simult\u00e1neo de frente y dorso m\u00e1xima precisi\u00f3n.<\/p>\n<p><\/p>\n<h1 style=\"text-align: center;\"><\/h1>\n<\/div>\n<\/div><\/div><\/div><div id=\"panel-225-3-1-2\" class=\"so-panel widget widget_sow-button panel-last-child\" data-index=\"15\" ><div\n\t\t\t\n\t\t\tclass=\"so-widget-sow-button so-widget-sow-button-flat-eb50d9ee0ff4-225\"\n\t\t\t\n\t\t><div class=\"ow-button-base ow-button-align-center\"\n>\n\t\t\t<a\n\t\t\t\t\thref=\"https:\/\/rlrtl.com\/ipsa\/contacto\/\"\n\t\t\t\t\tclass=\"sowb-button ow-icon-placement-left ow-button-hover\" \t>\n\t\t<span>\n\t\t\t\n\t\t\tQUIERO RESERVAR\t\t<\/span>\n\t\t\t<\/a>\n\t<\/div>\n<\/div><\/div><\/div><\/div><div id=\"pgc-225-3-2\"  class=\"panel-grid-cell\" ><div class=\"so-rounded panel-cell-style panel-cell-style-for-225-3-2\" ><div id=\"panel-225-3-2-0\" class=\"so-panel widget widget_sow-editor panel-first-child\" data-index=\"16\" ><div class=\"panel-widget-style panel-widget-style-for-225-3-2-0\" ><div\n\t\t\t\n\t\t\tclass=\"so-widget-sow-editor so-widget-sow-editor-base\"\n\t\t\t\n\t\t>\n<div class=\"siteorigin-widget-tinymce textwidget\">\n\t<h2 style=\"text-align: center;\">PLUS\u00a0(SFM + SVM)<\/h2>\n<h1 style=\"text-align: center;\"><\/h1>\n<\/div>\n<\/div><\/div><\/div><div id=\"panel-225-3-2-1\" class=\"so-panel widget widget_sow-editor\" data-index=\"17\" ><div class=\"panel-widget-style panel-widget-style-for-225-3-2-1\" ><div\n\t\t\t\n\t\t\tclass=\"so-widget-sow-editor so-widget-sow-editor-base\"\n\t\t\t\n\t\t>\n<div class=\"siteorigin-widget-tinymce textwidget\">\n\t<p style=\"text-align: center;\">Servicio que combina en l\u00ednea simult\u00e1nea el Servicio de Fraccionamiento M\u00f3vil (SFM) y el Servicio de\u00a0Vestido M\u00f3vil (SVM).<\/p>\n<h1 style=\"text-align: center;\"><\/h1>\n<\/div>\n<\/div><\/div><\/div><div id=\"panel-225-3-2-2\" class=\"so-panel widget widget_sow-button panel-last-child\" data-index=\"18\" ><div\n\t\t\t\n\t\t\tclass=\"so-widget-sow-button so-widget-sow-button-flat-eb50d9ee0ff4-225\"\n\t\t\t\n\t\t><div class=\"ow-button-base ow-button-align-center\"\n>\n\t\t\t<a\n\t\t\t\t\thref=\"https:\/\/rlrtl.com\/ipsa\/contacto\/\"\n\t\t\t\t\tclass=\"sowb-button ow-icon-placement-left ow-button-hover\" \t>\n\t\t<span>\n\t\t\t\n\t\t\tQUIERO RESERVAR\t\t<\/span>\n\t\t\t<\/a>\n\t<\/div>\n<\/div><\/div><\/div><\/div><div id=\"pgc-225-3-3\"  class=\"panel-grid-cell\" ><div class=\"so-rounded panel-cell-style panel-cell-style-for-225-3-3\" ><div id=\"panel-225-3-3-0\" class=\"so-panel widget widget_sow-editor panel-first-child\" data-index=\"19\" ><div class=\"panel-widget-style panel-widget-style-for-225-3-3-0\" ><div\n\t\t\t\n\t\t\tclass=\"so-widget-sow-editor so-widget-sow-editor-base\"\n\t\t\t\n\t\t>\n<div class=\"siteorigin-widget-tinymce textwidget\">\n\t<h2 style=\"text-align: center;\">Process+<\/h2>\n<h1 style=\"text-align: center;\"><\/h1>\n<\/div>\n<\/div><\/div><\/div><div id=\"panel-225-3-3-1\" class=\"so-panel widget widget_sow-editor\" data-index=\"20\" ><div class=\"panel-widget-style panel-widget-style-for-225-3-3-1\" ><div\n\t\t\t\n\t\t\tclass=\"so-widget-sow-editor so-widget-sow-editor-base\"\n\t\t\t\n\t\t>\n<div class=\"siteorigin-widget-tinymce textwidget\">\n\t<p style=\"text-align: center;\">Brindamos un servicio integral con las mejores maquinarias y equipamiento para la industria de la mano de Parker.<\/p>\n<h1 style=\"text-align: center;\"><\/h1>\n<\/div>\n<\/div><\/div><\/div><div id=\"panel-225-3-3-2\" class=\"so-panel widget widget_sow-button panel-last-child\" data-index=\"21\" ><div\n\t\t\t\n\t\t\tclass=\"so-widget-sow-button so-widget-sow-button-flat-eb50d9ee0ff4-225\"\n\t\t\t\n\t\t><div class=\"ow-button-base ow-button-align-center\"\n>\n\t\t\t<a\n\t\t\t\t\thref=\"https:\/\/rlrtl.com\/ipsa\/contacto\/\"\n\t\t\t\t\tclass=\"sowb-button ow-icon-placement-left ow-button-hover\" \t>\n\t\t<span>\n\t\t\t\n\t\t\tQUIERO RESERVAR\t\t<\/span>\n\t\t\t<\/a>\n\t<\/div>\n<\/div><\/div><\/div><\/div><\/div><\/div><div id=\"pg-225-4\"  class=\"panel-grid panel-no-style\" ><div id=\"pgc-225-4-0\"  class=\"panel-grid-cell\" ><div id=\"panel-225-4-0-0\" class=\"so-panel widget widget_sow-image panel-first-child panel-last-child\" data-index=\"22\" ><div\n\t\t\t\n\t\t\tclass=\"so-widget-sow-image so-widget-sow-image-default-8b5b6f678277-225\"\n\t\t\t\n\t\t>\n<div class=\"sow-image-container\">\n\t\t<img \n\tsrc=\"https:\/\/rlrtl.com\/ipsa\/wp-content\/uploads\/2025\/09\/Recurso-5-80.jpg\" width=\"751\" height=\"545\" srcset=\"https:\/\/rlrtl.com\/ipsa\/wp-content\/uploads\/2025\/09\/Recurso-5-80.jpg 751w, https:\/\/rlrtl.com\/ipsa\/wp-content\/uploads\/2025\/09\/Recurso-5-80-300x218.jpg 300w, https:\/\/rlrtl.com\/ipsa\/wp-content\/uploads\/2025\/09\/Recurso-5-80-650x472.jpg 650w\" sizes=\"(max-width: 751px) 100vw, 751px\" title=\"Demolab\" alt=\"Demolab\" \t\tclass=\"so-widget-image\"\/>\n\t<\/div>\n\n<\/div><\/div><\/div><div id=\"pgc-225-4-1\"  class=\"panel-grid-cell\" ><div id=\"panel-225-4-1-0\" class=\"so-panel widget widget_sow-image panel-first-child\" data-index=\"23\" ><div\n\t\t\t\n\t\t\tclass=\"so-widget-sow-image so-widget-sow-image-default-8b5b6f678277-225\"\n\t\t\t\n\t\t>\n<div class=\"sow-image-container\">\n\t\t<img \n\tsrc=\"https:\/\/rlrtl.com\/ipsa\/wp-content\/uploads\/2025\/09\/Recurso-4.png\" width=\"474\" height=\"73\" srcset=\"https:\/\/rlrtl.com\/ipsa\/wp-content\/uploads\/2025\/09\/Recurso-4.png 474w, https:\/\/rlrtl.com\/ipsa\/wp-content\/uploads\/2025\/09\/Recurso-4-300x46.png 300w\" sizes=\"(max-width: 474px) 100vw, 474px\" title=\"Demolab\" alt=\"Demolab\" \t\tclass=\"so-widget-image\"\/>\n\t<\/div>\n\n<\/div><\/div><div id=\"panel-225-4-1-1\" class=\"so-panel widget widget_sow-editor\" data-index=\"24\" ><div class=\"panel-widget-style panel-widget-style-for-225-4-1-1\" ><div\n\t\t\t\n\t\t\tclass=\"so-widget-sow-editor so-widget-sow-editor-base\"\n\t\t\t\n\t\t>\n<div class=\"siteorigin-widget-tinymce textwidget\">\n\t<p style=\"text-align: left;\">DemoLab tiene como objetivo ofrecer a sus clientes la posibilidad de ver in situ el funcionamiento de equipos de laboratorio para la industria de alimentos y bebidas, como as\u00ed tambi\u00e9n interiorizarse en su correcto uso a trav\u00e9s de nuestro sistema de demostraci\u00f3n, brindado por personal especializado.<\/p>\n<h1 style=\"text-align: center;\"><\/h1>\n<\/div>\n<\/div><\/div><\/div><div id=\"panel-225-4-1-2\" class=\"so-panel widget widget_sow-button panel-last-child\" data-index=\"25\" ><div\n\t\t\t\n\t\t\tclass=\"so-widget-sow-button so-widget-sow-button-flat-f9d17db221ee-225\"\n\t\t\t\n\t\t><div class=\"ow-button-base ow-button-align-left\"\n>\n\t\t\t<a\n\t\t\t\t\thref=\"https:\/\/rlrtl.com\/ipsa\/distribuciones\/\"\n\t\t\t\t\tclass=\"sowb-button ow-icon-placement-left ow-button-hover\" \t>\n\t\t<span>\n\t\t\t\n\t\t\tMIR\u00c1 NUESTRO CAT\u00c1LOGO\t\t<\/span>\n\t\t\t<\/a>\n\t<\/div>\n<\/div><\/div><\/div><\/div><\/div>","protected":false},"excerpt":{"rendered":"<p>NUESTROS SERVICIOS NUESTROS SERVICIOS<\/p>\n","protected":false},"author":2,"featured_media":0,"parent":0,"menu_order":0,"comment_status":"closed","ping_status":"closed","template":"","meta":{"_joinchat":[],"footnotes":""},"class_list":["post-225","page","type-page","status-publish","hentry","post"],"_links":{"self":[{"href":"https:\/\/rlrtl.com\/ipsa\/wp-json\/wp\/v2\/pages\/225","targetHints":{"allow":["GET"]}}],"collection":[{"href":"https:\/\/rlrtl.com\/ipsa\/wp-json\/wp\/v2\/pages"}],"about":[{"href":"https:\/\/rlrtl.com\/ipsa\/wp-json\/wp\/v2\/types\/page"}],"author":[{"embeddable":true,"href":"https:\/\/rlrtl.com\/ipsa\/wp-json\/wp\/v2\/users\/2"}],"replies":[{"embeddable":true,"href":"https:\/\/rlrtl.com\/ipsa\/wp-json\/wp\/v2\/comments?post=225"}],"version-history":[{"count":92,"href":"https:\/\/rlrtl.com\/ipsa\/wp-json\/wp\/v2\/pages\/225\/revisions"}],"predecessor-version":[{"id":717,"href":"https:\/\/rlrtl.com\/ipsa\/wp-json\/wp\/v2\/pages\/225\/revisions\/717"}],"wp:attachment":[{"href":"https:\/\/rlrtl.com\/ipsa\/wp-json\/wp\/v2\/media?parent=225"}],"curies":[{"name":"wp","href":"https:\/\/api.w.org\/{rel}","templated":true}]}}