{"id":193,"date":"2025-09-29T02:22:29","date_gmt":"2025-09-29T02:22:29","guid":{"rendered":"https:\/\/rlrtl.com\/cuyoflex\/?page_id=193"},"modified":"2025-09-29T03:45:02","modified_gmt":"2025-09-29T03:45:02","slug":"nosotros","status":"publish","type":"page","link":"https:\/\/rlrtl.com\/cuyoflex\/nosotros\/","title":{"rendered":"NOSOTROS"},"content":{"rendered":"<div id=\"pl-193\"  class=\"panel-layout\" ><div id=\"pg-193-0\"  class=\"panel-grid panel-has-style\" ><div class=\"siteorigin-panels-stretch panel-row-style panel-row-style-for-193-0\" data-stretch-type=\"full-width-stretch\" ><div id=\"pgc-193-0-0\"  class=\"panel-grid-cell\" ><div id=\"panel-193-0-0-0\" class=\"so-panel widget widget_sow-hero panel-first-child panel-last-child\" data-index=\"0\" ><div\n\t\t\t\n\t\t\tclass=\"so-widget-sow-hero so-widget-sow-hero-default-204e90ae3252-193 so-widget-fittext-wrapper\"\n\t\t\t data-fit-text-compressor=\"0.85\"\n\t\t>\t\t\t\t<div class=\"sow-slider-base\" style=\"display: none\" tabindex=\"0\">\n\t\t\t\t\t<ul\n\t\t\t\t\tclass=\"sow-slider-images\"\n\t\t\t\t\tdata-settings=\"{&quot;pagination&quot;:true,&quot;speed&quot;:400,&quot;timeout&quot;:8000,&quot;paused&quot;:false,&quot;pause_on_hover&quot;:false,&quot;swipe&quot;:true,&quot;nav_always_show_desktop&quot;:&quot;&quot;,&quot;nav_always_show_mobile&quot;:&quot;&quot;,&quot;breakpoint&quot;:&quot;780px&quot;,&quot;unmute&quot;:false,&quot;anchor&quot;:null}\"\n\t\t\t\t\tstyle=\"min-height: 60vh\"\t\t\t\t\tdata-anchor-id=\"\"\n\t\t\t\t>\t\t<li class=\"sow-slider-image  sow-slider-image-cover\" style=\"visibility: visible;;background-color: #333333;background-image: url(https:\/\/rlrtl.com\/cuyoflex\/wp-content\/uploads\/2025\/09\/Screenshot_6.png)\" >\n\t\t\t\t\t<div class=\"sow-slider-image-container\">\n\t\t\t<div class=\"sow-slider-image-wrapper\">\n\t\t\t\t\t\t\t<\/div>\n\t\t<\/div>\n\t\t\t\t<\/li>\n\t\t<\/ul>\t\t\t\t<ol class=\"sow-slider-pagination\">\n\t\t\t\t\t\t\t\t\t\t\t<li><a href=\"#\" data-goto=\"0\" aria-label=\"mostrar diapositiva 1\"><\/a><\/li>\n\t\t\t\t\t\t\t\t\t<\/ol>\n\n\t\t\t\t<div class=\"sow-slide-nav sow-slide-nav-next\">\n\t\t\t\t\t<a href=\"#\" data-goto=\"next\" aria-label=\"diapositiva siguiente\" data-action=\"next\">\n\t\t\t\t\t\t<em class=\"sow-sld-icon-thin-right\"><\/em>\n\t\t\t\t\t<\/a>\n\t\t\t\t<\/div>\n\n\t\t\t\t<div class=\"sow-slide-nav sow-slide-nav-prev\">\n\t\t\t\t\t<a href=\"#\" data-goto=\"previous\" aria-label=\"diapositiva anterior\" data-action=\"prev\">\n\t\t\t\t\t\t<em class=\"sow-sld-icon-thin-left\"><\/em>\n\t\t\t\t\t<\/a>\n\t\t\t\t<\/div>\n\t\t\t\t<\/div><\/div><\/div><\/div><\/div><\/div><div id=\"pg-193-1\"  class=\"panel-grid panel-has-style\" ><div class=\"panel-row-style panel-row-style-for-193-1\" ><div id=\"pgc-193-1-0\"  class=\"panel-grid-cell\" ><div id=\"panel-193-1-0-0\" class=\"so-panel widget widget_sow-image panel-first-child panel-last-child\" data-index=\"1\" ><div\n\t\t\t\n\t\t\tclass=\"so-widget-sow-image so-widget-sow-image-default-e4c2d9f6c920-193\"\n\t\t\t\n\t\t>\n<div class=\"sow-image-container\">\n\t\t<img \n\tsrc=\"https:\/\/rlrtl.com\/cuyoflex\/wp-content\/uploads\/2025\/09\/Screenshot_4.png\" width=\"234\" height=\"133\" sizes=\"(max-width: 234px) 100vw, 234px\" alt=\"\" \t\tclass=\"so-widget-image\"\/>\n\t<\/div>\n\n<\/div><\/div><\/div><div id=\"pgc-193-1-1\"  class=\"panel-grid-cell\" ><div id=\"panel-193-1-1-0\" class=\"so-panel widget widget_sow-editor panel-first-child\" data-index=\"2\" ><div class=\"panel-widget-style panel-widget-style-for-193-1-1-0\" ><div\n\t\t\t\n\t\t\tclass=\"so-widget-sow-editor so-widget-sow-editor-base\"\n\t\t\t\n\t\t>\n<div class=\"siteorigin-widget-tinymce textwidget\">\n\t<h2>m\u00e1s de 10 a\u00f1os.<\/h2>\n<\/div>\n<\/div><\/div><\/div><div id=\"panel-193-1-1-1\" class=\"so-panel widget widget_sow-editor panel-last-child\" data-index=\"3\" ><div class=\"panel-widget-style panel-widget-style-for-193-1-1-1\" ><div\n\t\t\t\n\t\t\tclass=\"so-widget-sow-editor so-widget-sow-editor-base\"\n\t\t\t\n\t\t>\n<div class=\"siteorigin-widget-tinymce textwidget\">\n\t<h2>soluciones oleohidr\u00e1ulicas.<\/h2>\n<\/div>\n<\/div><\/div><\/div><\/div><\/div><\/div><div id=\"pg-193-2\"  class=\"panel-grid panel-has-style\" ><div class=\"panel-row-style panel-row-style-for-193-2\" ><div id=\"pgc-193-2-0\"  class=\"panel-grid-cell\" ><div id=\"panel-193-2-0-0\" class=\"so-panel widget widget_sow-editor panel-first-child panel-last-child\" data-index=\"4\" ><div\n\t\t\t\n\t\t\tclass=\"so-widget-sow-editor so-widget-sow-editor-base\"\n\t\t\t\n\t\t>\n<div class=\"siteorigin-widget-tinymce textwidget\">\n\t<p style=\"text-align: center;\">Somos una empresa familiar con una larga trayectoria de m\u00e1s de 10 a\u00f1os, dedicado a<\/p>\n<p style=\"text-align: center;\">ofrecer soluciones oleohidr\u00e1ulicas y electr\u00f3nicas de la m\u00e1s alta calidad. Nuestro<\/p>\n<p style=\"text-align: center;\">compromiso es superar las expectativas de nuestros clientes con productos, maquinaria<\/p>\n<p style=\"text-align: center;\">innovadora y un servicio personalizado que refleja nuestra pasi\u00f3n por lo que hacemos.<\/p>\n<p style=\"text-align: center;\">Cada proyecto que emprendemos es una oportunidad para demostrar nuestra dedicaci\u00f3n<\/p>\n<p style=\"text-align: center;\">y responsabilidad, buscando siempre el \u00e9xito y la satisfacci\u00f3n de quienes conf\u00edan en nosotros.<\/p>\n<\/div>\n<\/div><\/div><\/div><\/div><\/div><div id=\"pg-193-3\"  class=\"panel-grid panel-no-style\" ><div id=\"pgc-193-3-0\"  class=\"panel-grid-cell\" ><div id=\"panel-193-3-0-0\" class=\"so-panel widget widget_sow-editor panel-first-child\" data-index=\"5\" ><div class=\"panel-widget-style panel-widget-style-for-193-3-0-0\" ><div\n\t\t\t\n\t\t\tclass=\"so-widget-sow-editor so-widget-sow-editor-base\"\n\t\t\t\n\t\t>\n<div class=\"siteorigin-widget-tinymce textwidget\">\n\t<h2 style=\"text-align: center;\">Nuestra Historia<\/h2>\n<\/div>\n<\/div><\/div><\/div><div id=\"panel-193-3-0-1\" class=\"so-panel widget widget_sow-editor\" data-index=\"6\" ><div class=\"panel-widget-style panel-widget-style-for-193-3-0-1\" ><div\n\t\t\t\n\t\t\tclass=\"so-widget-sow-editor so-widget-sow-editor-base\"\n\t\t\t\n\t\t>\n<div class=\"siteorigin-widget-tinymce textwidget\">\n\t<h3>Inicio de Cuyo Flex<\/h3>\n<\/div>\n<\/div><\/div><\/div><div id=\"panel-193-3-0-2\" class=\"so-panel widget widget_sow-editor\" data-index=\"7\" ><div class=\"panel-widget-style panel-widget-style-for-193-3-0-2\" ><div\n\t\t\t\n\t\t\tclass=\"so-widget-sow-editor so-widget-sow-editor-base\"\n\t\t\t\n\t\t>\n<div class=\"siteorigin-widget-tinymce textwidget\">\n\t<p>Nace como una empresa familiar con una visi\u00f3n clara de ser la 1\u00ba del pa\u00eds ofreciendo soluciones oleohidr\u00e1ulicas y electr\u00f3nicas de calidad.<\/p>\n<\/div>\n<\/div><\/div><\/div><div id=\"panel-193-3-0-3\" class=\"so-panel widget widget_sow-editor\" data-index=\"8\" ><div class=\"panel-widget-style panel-widget-style-for-193-3-0-3\" ><div\n\t\t\t\n\t\t\tclass=\"so-widget-sow-editor so-widget-sow-editor-base\"\n\t\t\t\n\t\t>\n<div class=\"siteorigin-widget-tinymce textwidget\">\n\t<h3>Crecimiento y Trayectoria<\/h3>\n<\/div>\n<\/div><\/div><\/div><div id=\"panel-193-3-0-4\" class=\"so-panel widget widget_sow-editor\" data-index=\"9\" ><div class=\"panel-widget-style panel-widget-style-for-193-3-0-4\" ><div\n\t\t\t\n\t\t\tclass=\"so-widget-sow-editor so-widget-sow-editor-base\"\n\t\t\t\n\t\t>\n<div class=\"siteorigin-widget-tinymce textwidget\">\n\t<p>A lo largo de los a\u00f1os, Cuyo Flex construye una s\u00f3lida reputaci\u00f3n y trayectoria, ganando confianza de distintos clientes y proveedores, consolid\u00e1ndose como un referente en el sector por su compromiso y excelencia.<\/p>\n<\/div>\n<\/div><\/div><\/div><div id=\"panel-193-3-0-5\" class=\"so-panel widget widget_sow-editor\" data-index=\"10\" ><div class=\"panel-widget-style panel-widget-style-for-193-3-0-5\" ><div\n\t\t\t\n\t\t\tclass=\"so-widget-sow-editor so-widget-sow-editor-base\"\n\t\t\t\n\t\t>\n<div class=\"siteorigin-widget-tinymce textwidget\">\n\t<h3>Innovaci\u00f3n Continua<\/h3>\n<\/div>\n<\/div><\/div><\/div><div id=\"panel-193-3-0-6\" class=\"so-panel widget widget_sow-editor\" data-index=\"11\" ><div class=\"panel-widget-style panel-widget-style-for-193-3-0-6\" ><div\n\t\t\t\n\t\t\tclass=\"so-widget-sow-editor so-widget-sow-editor-base\"\n\t\t\t\n\t\t>\n<div class=\"siteorigin-widget-tinymce textwidget\">\n\t<p>Con el paso del tiempo, la empresa se adapta a nuevas tecnolog\u00edas, ofreciendo productos innovadores y servicios personalizados para satisfacer las necesidades de sus clientes.<\/p>\n<\/div>\n<\/div><\/div><\/div><div id=\"panel-193-3-0-7\" class=\"so-panel widget widget_sow-editor\" data-index=\"12\" ><div class=\"panel-widget-style panel-widget-style-for-193-3-0-7\" ><div\n\t\t\t\n\t\t\tclass=\"so-widget-sow-editor so-widget-sow-editor-base\"\n\t\t\t\n\t\t>\n<div class=\"siteorigin-widget-tinymce textwidget\">\n\t<h3>Compromiso y Responsabilidad<\/h3>\n<\/div>\n<\/div><\/div><\/div><div id=\"panel-193-3-0-8\" class=\"so-panel widget widget_sow-editor\" data-index=\"13\" ><div class=\"panel-widget-style panel-widget-style-for-193-3-0-8\" ><div\n\t\t\t\n\t\t\tclass=\"so-widget-sow-editor so-widget-sow-editor-base\"\n\t\t\t\n\t\t>\n<div class=\"siteorigin-widget-tinymce textwidget\">\n\t<p>La dedicaci\u00f3n y el trabajo incansable del equipo reflejan un compromiso profundo con la satisfacci\u00f3n de sus clientes y el \u00e9xito de cada proyecto.<\/p>\n<\/div>\n<\/div><\/div><\/div><div id=\"panel-193-3-0-9\" class=\"so-panel widget widget_sow-editor\" data-index=\"14\" ><div class=\"panel-widget-style panel-widget-style-for-193-3-0-9\" ><div\n\t\t\t\n\t\t\tclass=\"so-widget-sow-editor so-widget-sow-editor-base\"\n\t\t\t\n\t\t>\n<div class=\"siteorigin-widget-tinymce textwidget\">\n\t<h3>Presente y Futuro<\/h3>\n<\/div>\n<\/div><\/div><\/div><div id=\"panel-193-3-0-10\" class=\"so-panel widget widget_sow-editor panel-last-child\" data-index=\"15\" ><div class=\"panel-widget-style panel-widget-style-for-193-3-0-10\" ><div\n\t\t\t\n\t\t\tclass=\"so-widget-sow-editor so-widget-sow-editor-base\"\n\t\t\t\n\t\t>\n<div class=\"siteorigin-widget-tinymce textwidget\">\n\t<p>Hoy, Cuyo Flex contin\u00faa siendo un socio estrat\u00e9gico confiable de m\u00faltiples marcas, enfoc\u00e1ndose en mantener altos est\u00e1ndares de calidad, confianza y responsabilidad, mientras se proyecta hacia el futuro con pasi\u00f3n, dedicaci\u00f3n y con ganas de seguir ampliando sus horizontes.<\/p>\n<\/div>\n<\/div><\/div><\/div><\/div><\/div><div id=\"pg-193-4\"  class=\"panel-grid panel-no-style\" ><div id=\"pgc-193-4-0\"  class=\"panel-grid-cell\" ><div id=\"panel-193-4-0-0\" class=\"so-panel widget widget_sow-editor panel-first-child panel-last-child\" data-index=\"16\" ><div class=\"panel-widget-style panel-widget-style-for-193-4-0-0\" ><div\n\t\t\t\n\t\t\tclass=\"so-widget-sow-editor so-widget-sow-editor-base\"\n\t\t\t\n\t\t>\n<div class=\"siteorigin-widget-tinymce textwidget\">\n\t<h2 style=\"text-align: center;\">Nuestro Equipo<\/h2>\n<\/div>\n<\/div><\/div><\/div><\/div><\/div><div id=\"pg-193-5\"  class=\"panel-grid panel-no-style\" ><div id=\"pgc-193-5-0\"  class=\"panel-grid-cell\" ><div id=\"panel-193-5-0-0\" class=\"so-panel widget widget_sow-image panel-first-child panel-last-child\" data-index=\"17\" ><div class=\"imagen-hover panel-widget-style panel-widget-style-for-193-5-0-0\" ><div\n\t\t\t\n\t\t\tclass=\"so-widget-sow-image so-widget-sow-image-default-8b5b6f678277-193\"\n\t\t\t\n\t\t>\n<div class=\"sow-image-container\">\n\t\t<img \n\tsrc=\"https:\/\/rlrtl.com\/cuyoflex\/wp-content\/uploads\/2025\/09\/Screenshot_7-292x300.png\" width=\"292\" height=\"300\" srcset=\"https:\/\/rlrtl.com\/cuyoflex\/wp-content\/uploads\/2025\/09\/Screenshot_7-292x300.png 292w, https:\/\/rlrtl.com\/cuyoflex\/wp-content\/uploads\/2025\/09\/Screenshot_7.png 489w\" sizes=\"(max-width: 292px) 100vw, 292px\" alt=\"\" \t\tclass=\"so-widget-image\"\/>\n\t<\/div>\n\n<\/div><\/div><\/div><\/div><div id=\"pgc-193-5-1\"  class=\"panel-grid-cell\" ><div id=\"panel-193-5-1-0\" class=\"so-panel widget widget_sow-image panel-first-child panel-last-child\" data-index=\"18\" ><div class=\"imagen-hover panel-widget-style panel-widget-style-for-193-5-1-0\" ><div\n\t\t\t\n\t\t\tclass=\"so-widget-sow-image so-widget-sow-image-default-8b5b6f678277-193\"\n\t\t\t\n\t\t>\n<div class=\"sow-image-container\">\n\t\t<img \n\tsrc=\"https:\/\/rlrtl.com\/cuyoflex\/wp-content\/uploads\/2025\/09\/Screenshot_8-285x300.png\" width=\"285\" height=\"300\" srcset=\"https:\/\/rlrtl.com\/cuyoflex\/wp-content\/uploads\/2025\/09\/Screenshot_8-285x300.png 285w, https:\/\/rlrtl.com\/cuyoflex\/wp-content\/uploads\/2025\/09\/Screenshot_8.png 482w\" sizes=\"(max-width: 285px) 100vw, 285px\" alt=\"\" \t\tclass=\"so-widget-image\"\/>\n\t<\/div>\n\n<\/div><\/div><\/div><\/div><div id=\"pgc-193-5-2\"  class=\"panel-grid-cell\" ><div id=\"panel-193-5-2-0\" class=\"so-panel widget widget_sow-image panel-first-child panel-last-child\" data-index=\"19\" ><div class=\"imagen-hover panel-widget-style panel-widget-style-for-193-5-2-0\" ><div\n\t\t\t\n\t\t\tclass=\"so-widget-sow-image so-widget-sow-image-default-8b5b6f678277-193\"\n\t\t\t\n\t\t>\n<div class=\"sow-image-container\">\n\t\t<img \n\tsrc=\"https:\/\/rlrtl.com\/cuyoflex\/wp-content\/uploads\/2025\/09\/Screenshot_10.png\" width=\"300\" height=\"300\" srcset=\"https:\/\/rlrtl.com\/cuyoflex\/wp-content\/uploads\/2025\/09\/Screenshot_10.png 301w, https:\/\/rlrtl.com\/cuyoflex\/wp-content\/uploads\/2025\/09\/Screenshot_10-150x150.png 150w\" sizes=\"(max-width: 300px) 100vw, 300px\" alt=\"\" \t\tclass=\"so-widget-image\"\/>\n\t<\/div>\n\n<\/div><\/div><\/div><\/div><\/div><\/div>","protected":false},"excerpt":{"rendered":"<p>m\u00e1s de 10 a\u00f1os. soluciones oleohidr\u00e1ulicas.<\/p>\n","protected":false},"author":3,"featured_media":0,"parent":0,"menu_order":0,"comment_status":"closed","ping_status":"closed","template":"","meta":{"footnotes":""},"class_list":["post-193","page","type-page","status-publish","hentry","post"],"_links":{"self":[{"href":"https:\/\/rlrtl.com\/cuyoflex\/wp-json\/wp\/v2\/pages\/193","targetHints":{"allow":["GET"]}}],"collection":[{"href":"https:\/\/rlrtl.com\/cuyoflex\/wp-json\/wp\/v2\/pages"}],"about":[{"href":"https:\/\/rlrtl.com\/cuyoflex\/wp-json\/wp\/v2\/types\/page"}],"author":[{"embeddable":true,"href":"https:\/\/rlrtl.com\/cuyoflex\/wp-json\/wp\/v2\/users\/3"}],"replies":[{"embeddable":true,"href":"https:\/\/rlrtl.com\/cuyoflex\/wp-json\/wp\/v2\/comments?post=193"}],"version-history":[{"count":32,"href":"https:\/\/rlrtl.com\/cuyoflex\/wp-json\/wp\/v2\/pages\/193\/revisions"}],"predecessor-version":[{"id":233,"href":"https:\/\/rlrtl.com\/cuyoflex\/wp-json\/wp\/v2\/pages\/193\/revisions\/233"}],"wp:attachment":[{"href":"https:\/\/rlrtl.com\/cuyoflex\/wp-json\/wp\/v2\/media?parent=193"}],"curies":[{"name":"wp","href":"https:\/\/api.w.org\/{rel}","templated":true}]}}